{"id":12,"date":"2016-08-15T10:13:07","date_gmt":"2016-08-15T08:13:07","guid":{"rendered":"http:\/\/www.rolfwkunz.com\/de\/?page_id=12"},"modified":"2017-01-18T11:56:56","modified_gmt":"2017-01-18T10:56:56","slug":"rolf-w-kunz-piano-orchestra","status":"publish","type":"page","link":"https:\/\/www.rolfwkunz.com\/de\/","title":{"rendered":"Rolf W. Kunz &#8211; Piano &#038; Orchestra"},"content":{"rendered":"<div id=\"attachment_7\" style=\"width: 224px\" class=\"wp-caption alignleft\"><a href=\"http:\/\/www.rolfwkunz.com\/wp-content\/uploads\/rolf-w-kunz-2010.jpg\" data-rel=\"lightbox-gallery-PNrHBoxC\" data-rl_title=\"\" data-rl_caption=\"\" title=\"\"><img loading=\"lazy\" decoding=\"async\" aria-describedby=\"caption-attachment-7\" class=\"size-medium wp-image-7\" src=\"http:\/\/www.rolfwkunz.com\/wp-content\/uploads\/rolf-w-kunz-2010-214x300.jpg\" alt=\"Rolf W. Kunz\" width=\"214\" height=\"300\" srcset=\"https:\/\/www.rolfwkunz.com\/wp-content\/uploads\/rolf-w-kunz-2010-214x300.jpg 214w, https:\/\/www.rolfwkunz.com\/wp-content\/uploads\/rolf-w-kunz-2010-768x1076.jpg 768w, https:\/\/www.rolfwkunz.com\/wp-content\/uploads\/rolf-w-kunz-2010-731x1024.jpg 731w, https:\/\/www.rolfwkunz.com\/wp-content\/uploads\/rolf-w-kunz-2010.jpg 1181w\" sizes=\"auto, (max-width: 214px) 100vw, 214px\" \/><\/a><p id=\"caption-attachment-7\" class=\"wp-caption-text\">Rolf W. Kunz<\/p><\/div>\n<h1><strong>Rolf W. Kunz (Offizielle Webseite)<\/strong><\/h1>\n<p>Lernen Sie mein Team, meine Mitmusiker, mich und meine Musik kennen.<\/p>\n<p>Beim sich \u00fcber meine musikalische Entwicklung zu informieren, was die Vergangenheit und die Zukunft anbetreffen, w\u00fcnsche ich Ihnen viel Vergn\u00fcgen.<\/p>\n<p>Ihr Rolf W. Kunz<\/p>\n","protected":false},"excerpt":{"rendered":"<p>Rolf W. Kunz (Offizielle Webseite) Lernen Sie mein Team, meine Mitmusiker, mich und meine Musik kennen. Beim sich \u00fcber meine musikalische Entwicklung zu informieren, was die Vergangenheit und die Zukunft anbetreffen, w\u00fcnsche ich Ihnen viel Vergn\u00fcgen. Ihr Rolf W. Kunz<\/p>\n","protected":false},"author":1,"featured_media":0,"parent":0,"menu_order":0,"comment_status":"closed","ping_status":"closed","template":"","meta":{"footnotes":""},"class_list":["post-12","page","type-page","status-publish","hentry"],"yoast_head":"<!-- This site is optimized with the Yoast SEO plugin v27.4 - https:\/\/yoast.com\/product\/yoast-seo-wordpress\/ -->\n<title>Rolf W. Kunz - Piano &amp; Orchestra (Offizielle Webseite)<\/title>\n<meta name=\"description\" content=\"Rolf W. Kunz (Offizielle Webseite) Lernen Sie mein Team, meine Mitmusiker, mich und meine Musik kennen. Beim sich \u00fcber meine musikalische Entwicklung zu\" \/>\n<meta name=\"robots\" content=\"index, follow, max-snippet:-1, max-image-preview:large, max-video-preview:-1\" \/>\n<link rel=\"canonical\" href=\"https:\/\/www.rolfwkunz.com\/de\/\" \/>\n<meta property=\"og:locale\" content=\"de_DE\" \/>\n<meta property=\"og:type\" content=\"article\" \/>\n<meta property=\"og:title\" content=\"Rolf W. Kunz (Offizielle Webseite)\" \/>\n<meta property=\"og:description\" content=\"Lernen Sie mein Team, meine Mitmusiker, mich und meine Musik kennen.\" \/>\n<meta property=\"og:url\" content=\"https:\/\/www.rolfwkunz.com\/de\/\" \/>\n<meta property=\"og:site_name\" content=\"Rolf W. Kunz\" \/>\n<meta property=\"article:publisher\" content=\"https:\/\/www.facebook.com\/piano.orchestra\/\" \/>\n<meta property=\"article:modified_time\" content=\"2017-01-18T10:56:56+00:00\" \/>\n<meta property=\"og:image\" content=\"https:\/\/www.rolfwkunz.com\/wp-content\/uploads\/rolf-w-kunz.png\" \/>\n\t<meta property=\"og:image:width\" content=\"1920\" \/>\n\t<meta property=\"og:image:height\" content=\"1080\" \/>\n\t<meta property=\"og:image:type\" content=\"image\/png\" \/>\n<meta name=\"twitter:card\" content=\"summary_large_image\" \/>\n<script type=\"application\/ld+json\" class=\"yoast-schema-graph\">{\"@context\":\"https:\\\/\\\/schema.org\",\"@graph\":[{\"@type\":\"WebPage\",\"@id\":\"https:\\\/\\\/www.rolfwkunz.com\\\/de\\\/\",\"url\":\"https:\\\/\\\/www.rolfwkunz.com\\\/de\\\/\",\"name\":\"Rolf W. Kunz - Piano & Orchestra (Offizielle Webseite)\",\"isPartOf\":{\"@id\":\"https:\\\/\\\/www.rolfwkunz.com\\\/de\\\/#website\"},\"primaryImageOfPage\":{\"@id\":\"https:\\\/\\\/www.rolfwkunz.com\\\/de\\\/#primaryimage\"},\"image\":{\"@id\":\"https:\\\/\\\/www.rolfwkunz.com\\\/de\\\/#primaryimage\"},\"thumbnailUrl\":\"http:\\\/\\\/www.rolfwkunz.com\\\/wp-content\\\/uploads\\\/rolf-w-kunz-2010-214x300.jpg\",\"datePublished\":\"2016-08-15T08:13:07+00:00\",\"dateModified\":\"2017-01-18T10:56:56+00:00\",\"description\":\"Rolf W. Kunz (Offizielle Webseite) Lernen Sie mein Team, meine Mitmusiker, mich und meine Musik kennen. Beim sich \u00fcber meine musikalische Entwicklung zu\",\"breadcrumb\":{\"@id\":\"https:\\\/\\\/www.rolfwkunz.com\\\/de\\\/#breadcrumb\"},\"inLanguage\":\"de\",\"potentialAction\":[{\"@type\":\"ReadAction\",\"target\":[\"https:\\\/\\\/www.rolfwkunz.com\\\/de\\\/\"]}]},{\"@type\":\"ImageObject\",\"inLanguage\":\"de\",\"@id\":\"https:\\\/\\\/www.rolfwkunz.com\\\/de\\\/#primaryimage\",\"url\":\"http:\\\/\\\/www.rolfwkunz.com\\\/wp-content\\\/uploads\\\/rolf-w-kunz-2010-214x300.jpg\",\"contentUrl\":\"http:\\\/\\\/www.rolfwkunz.com\\\/wp-content\\\/uploads\\\/rolf-w-kunz-2010-214x300.jpg\"},{\"@type\":\"BreadcrumbList\",\"@id\":\"https:\\\/\\\/www.rolfwkunz.com\\\/de\\\/#breadcrumb\",\"itemListElement\":[{\"@type\":\"ListItem\",\"position\":1,\"name\":\"Rolf W. Kunz\",\"item\":\"https:\\\/\\\/www.rolfwkunz.com\\\/de\\\/\"},{\"@type\":\"ListItem\",\"position\":2,\"name\":\"Rolf W. Kunz &#8211; Piano &#038; Orchestra\"}]},{\"@type\":\"WebSite\",\"@id\":\"https:\\\/\\\/www.rolfwkunz.com\\\/de\\\/#website\",\"url\":\"https:\\\/\\\/www.rolfwkunz.com\\\/de\\\/\",\"name\":\"Rolf W. Kunz\",\"description\":\"Piano &amp; Orchestra\",\"potentialAction\":[{\"@type\":\"SearchAction\",\"target\":{\"@type\":\"EntryPoint\",\"urlTemplate\":\"https:\\\/\\\/www.rolfwkunz.com\\\/de\\\/?s={search_term_string}\"},\"query-input\":{\"@type\":\"PropertyValueSpecification\",\"valueRequired\":true,\"valueName\":\"search_term_string\"}}],\"inLanguage\":\"de\"}]}<\/script>\n<!-- \/ Yoast SEO plugin. -->","yoast_head_json":{"title":"Rolf W. Kunz - Piano & Orchestra (Offizielle Webseite)","description":"Rolf W. Kunz (Offizielle Webseite) Lernen Sie mein Team, meine Mitmusiker, mich und meine Musik kennen. Beim sich \u00fcber meine musikalische Entwicklung zu","robots":{"index":"index","follow":"follow","max-snippet":"max-snippet:-1","max-image-preview":"max-image-preview:large","max-video-preview":"max-video-preview:-1"},"canonical":"https:\/\/www.rolfwkunz.com\/de\/","og_locale":"de_DE","og_type":"article","og_title":"Rolf W. Kunz (Offizielle Webseite)","og_description":"Lernen Sie mein Team, meine Mitmusiker, mich und meine Musik kennen.","og_url":"https:\/\/www.rolfwkunz.com\/de\/","og_site_name":"Rolf W. Kunz","article_publisher":"https:\/\/www.facebook.com\/piano.orchestra\/","article_modified_time":"2017-01-18T10:56:56+00:00","og_image":[{"width":1920,"height":1080,"url":"https:\/\/www.rolfwkunz.com\/wp-content\/uploads\/rolf-w-kunz.png","type":"image\/png"}],"twitter_card":"summary_large_image","schema":{"@context":"https:\/\/schema.org","@graph":[{"@type":"WebPage","@id":"https:\/\/www.rolfwkunz.com\/de\/","url":"https:\/\/www.rolfwkunz.com\/de\/","name":"Rolf W. Kunz - Piano & Orchestra (Offizielle Webseite)","isPartOf":{"@id":"https:\/\/www.rolfwkunz.com\/de\/#website"},"primaryImageOfPage":{"@id":"https:\/\/www.rolfwkunz.com\/de\/#primaryimage"},"image":{"@id":"https:\/\/www.rolfwkunz.com\/de\/#primaryimage"},"thumbnailUrl":"http:\/\/www.rolfwkunz.com\/wp-content\/uploads\/rolf-w-kunz-2010-214x300.jpg","datePublished":"2016-08-15T08:13:07+00:00","dateModified":"2017-01-18T10:56:56+00:00","description":"Rolf W. Kunz (Offizielle Webseite) Lernen Sie mein Team, meine Mitmusiker, mich und meine Musik kennen. Beim sich \u00fcber meine musikalische Entwicklung zu","breadcrumb":{"@id":"https:\/\/www.rolfwkunz.com\/de\/#breadcrumb"},"inLanguage":"de","potentialAction":[{"@type":"ReadAction","target":["https:\/\/www.rolfwkunz.com\/de\/"]}]},{"@type":"ImageObject","inLanguage":"de","@id":"https:\/\/www.rolfwkunz.com\/de\/#primaryimage","url":"http:\/\/www.rolfwkunz.com\/wp-content\/uploads\/rolf-w-kunz-2010-214x300.jpg","contentUrl":"http:\/\/www.rolfwkunz.com\/wp-content\/uploads\/rolf-w-kunz-2010-214x300.jpg"},{"@type":"BreadcrumbList","@id":"https:\/\/www.rolfwkunz.com\/de\/#breadcrumb","itemListElement":[{"@type":"ListItem","position":1,"name":"Rolf W. Kunz","item":"https:\/\/www.rolfwkunz.com\/de\/"},{"@type":"ListItem","position":2,"name":"Rolf W. Kunz &#8211; Piano &#038; Orchestra"}]},{"@type":"WebSite","@id":"https:\/\/www.rolfwkunz.com\/de\/#website","url":"https:\/\/www.rolfwkunz.com\/de\/","name":"Rolf W. Kunz","description":"Piano &amp; Orchestra","potentialAction":[{"@type":"SearchAction","target":{"@type":"EntryPoint","urlTemplate":"https:\/\/www.rolfwkunz.com\/de\/?s={search_term_string}"},"query-input":{"@type":"PropertyValueSpecification","valueRequired":true,"valueName":"search_term_string"}}],"inLanguage":"de"}]}},"_links":{"self":[{"href":"https:\/\/www.rolfwkunz.com\/de\/wp-json\/wp\/v2\/pages\/12","targetHints":{"allow":["GET"]}}],"collection":[{"href":"https:\/\/www.rolfwkunz.com\/de\/wp-json\/wp\/v2\/pages"}],"about":[{"href":"https:\/\/www.rolfwkunz.com\/de\/wp-json\/wp\/v2\/types\/page"}],"author":[{"embeddable":true,"href":"https:\/\/www.rolfwkunz.com\/de\/wp-json\/wp\/v2\/users\/1"}],"replies":[{"embeddable":true,"href":"https:\/\/www.rolfwkunz.com\/de\/wp-json\/wp\/v2\/comments?post=12"}],"version-history":[{"count":6,"href":"https:\/\/www.rolfwkunz.com\/de\/wp-json\/wp\/v2\/pages\/12\/revisions"}],"predecessor-version":[{"id":1318,"href":"https:\/\/www.rolfwkunz.com\/de\/wp-json\/wp\/v2\/pages\/12\/revisions\/1318"}],"wp:attachment":[{"href":"https:\/\/www.rolfwkunz.com\/de\/wp-json\/wp\/v2\/media?parent=12"}],"curies":[{"name":"wp","href":"https:\/\/api.w.org\/{rel}","templated":true}]}}