{"id":1283,"date":"2016-10-21T12:54:54","date_gmt":"2016-10-21T10:54:54","guid":{"rendered":"http:\/\/www.rolfwkunz.com\/de\/?page_id=1283"},"modified":"2016-10-21T12:55:26","modified_gmt":"2016-10-21T10:55:26","slug":"impressum","status":"publish","type":"page","link":"https:\/\/www.rolfwkunz.com\/de\/impressum\/","title":{"rendered":"Impressum"},"content":{"rendered":"<p>Rolf W. Kunz<br \/>\nIm Rossacher 15<br \/>\nCH-8494 Bauma<\/p>\n<p>Telefon:\u00a0+41 44 940 10 45<br \/>\nE-Mail:\u00a0<a href=\"mailto:piano@rolfwkunz.com\" target=\"_blank\">piano@rolfwkunz.com<\/a><\/p>\n<h2>Webseite:<\/h2>\n<p>Verantwortlich f\u00fcr den Inhalt:<br \/>\nRolf W. Kunz<\/p>\n<p>Webentwicklung<br \/>\n<a href=\"http:\/\/www.siteit.ch\/\" title=\"Webseiten &amp; Webapplikationen\" target=\"_blank\">Site IT R\u00fcdis\u00fcli, Gregor R\u00fcdis\u00fcli<\/a><\/p>\n<p>Video- &amp; Fotografien:<br \/>\nCyrille Gsell, Uster<\/p>\n<p>Kostenlose Bilder von<br \/>\npixabay.com<\/p>\n<p>Fotos auf der Startseite:<br \/>\nfotolia.com<\/p>\n<h2>Urheberrecht:<\/h2>\n<p>Der gesamte Inhalt dieser Webseite untersteht dem Urheberrecht und darf nicht ohne vorherige Genehmigung f\u00fcr gewerbliche Zwecke verwendet, kopiert, verbreitet oder Dritten zug\u00e4nglich gemacht werden. Allf\u00e4llige Urheberrechte Dritter sind entsprechend gekennzeichnet.<\/p>\n<h2>Haftungsausschluss:<\/h2>\n<p>Rolf W. Kunz \u00fcbernimmt keinerlei Haftung f\u00fcr die Richtigkeit, Vollst\u00e4ndigkeit und Aktualit\u00e4t der hier verf\u00fcgbaren Informationen.<\/p>\n<p>Weiter ist Rolf W. Kunz trotz sorgf\u00e4ltiger inhaltlicher Kontrolle zum Zeitpunkt der Linksetzung nicht haftbar f\u00fcr die Inhalte von verlinkten Webseiten, auf die Rolf W. Kunz keinen Einfluss hat. F\u00fcr diese sind ausschliesslich deren Betreiber verantwortlich. Anst\u00f6ssige oder rechtswidrige Inhalte auf verlinkten Webseiten sollen Rolf W. Kunz gemeldet werden. Entsprechende Links werden nach einer \u00dcberpr\u00fcfung entfernt.<\/p>\n<p>Rolf W. Kunz haftet ausser bei Grobfahrl\u00e4ssigkeit oder Absicht nicht f\u00fcr allf\u00e4llige direkte oder indirekte Sch\u00e4den, die aufgrund des Besuchs dieser Webseite oder dem Herunterladen von Dokumenten von dieser Webseite entstehen. Es kann nicht garantiert werden, dass diese Dateien frei von sch\u00e4dlichen Elementen (z.B. Viren, Trojaner) sind.<\/p>\n<p>Dieses Impressum wurde zuletzt am 21. Oktober\u00a02016 aktualisiert.<\/p>\n","protected":false},"excerpt":{"rendered":"<p>Rolf W. Kunz Im Rossacher 15 CH-8494 Bauma Telefon:\u00a0+41 44 940 10 45 E-Mail:\u00a0piano@rolfwkunz.com Webseite: Verantwortlich f\u00fcr den Inhalt: Rolf W. Kunz Webentwicklung Site IT R\u00fcdis\u00fcli, Gregor R\u00fcdis\u00fcli Video- &amp; Fotografien: Cyrille Gsell, Uster Kostenlose Bilder von pixabay.com Fotos auf der Startseite: fotolia.com Urheberrecht: Der gesamte Inhalt dieser Webseite untersteht dem Urheberrecht und darf nicht [&hellip;]<\/p>\n","protected":false},"author":1,"featured_media":0,"parent":0,"menu_order":0,"comment_status":"closed","ping_status":"closed","template":"","meta":{"footnotes":""},"class_list":["post-1283","page","type-page","status-publish","hentry"],"yoast_head":"<!-- This site is optimized with the Yoast SEO plugin v27.4 - https:\/\/yoast.com\/product\/yoast-seo-wordpress\/ -->\n<title>Impressum - Rolf W. Kunz<\/title>\n<meta name=\"description\" content=\"Rolf W. Kunz Im Rossacher 15 CH-8494 Bauma Telefon:\u00a0+41 44 940 10 45 E-Mail:\u00a0piano@rolfwkunz.com Webseite: Verantwortlich f\u00fcr den Inhalt: Rolf W. Kunz\" \/>\n<meta name=\"robots\" content=\"index, follow, max-snippet:-1, max-image-preview:large, max-video-preview:-1\" \/>\n<link rel=\"canonical\" href=\"https:\/\/www.rolfwkunz.com\/de\/impressum\/\" \/>\n<meta property=\"og:locale\" content=\"de_DE\" \/>\n<meta property=\"og:type\" content=\"article\" \/>\n<meta property=\"og:title\" content=\"Impressum - Rolf W. Kunz\" \/>\n<meta property=\"og:description\" content=\"Rolf W. Kunz Im Rossacher 15 CH-8494 Bauma Telefon:\u00a0+41 44 940 10 45 E-Mail:\u00a0piano@rolfwkunz.com Webseite: Verantwortlich f\u00fcr den Inhalt: Rolf W. Kunz\" \/>\n<meta property=\"og:url\" content=\"https:\/\/www.rolfwkunz.com\/de\/impressum\/\" \/>\n<meta property=\"og:site_name\" content=\"Rolf W. Kunz\" \/>\n<meta property=\"article:publisher\" content=\"https:\/\/www.facebook.com\/piano.orchestra\/\" \/>\n<meta property=\"article:modified_time\" content=\"2016-10-21T10:55:26+00:00\" \/>\n<meta name=\"twitter:card\" content=\"summary_large_image\" \/>\n<meta name=\"twitter:label1\" content=\"Gesch\u00e4tzte Lesezeit\" \/>\n\t<meta name=\"twitter:data1\" content=\"1\u00a0Minute\" \/>\n<script type=\"application\/ld+json\" class=\"yoast-schema-graph\">{\"@context\":\"https:\\\/\\\/schema.org\",\"@graph\":[{\"@type\":\"WebPage\",\"@id\":\"https:\\\/\\\/www.rolfwkunz.com\\\/de\\\/impressum\\\/\",\"url\":\"https:\\\/\\\/www.rolfwkunz.com\\\/de\\\/impressum\\\/\",\"name\":\"Impressum - Rolf W. Kunz\",\"isPartOf\":{\"@id\":\"https:\\\/\\\/www.rolfwkunz.com\\\/de\\\/#website\"},\"datePublished\":\"2016-10-21T10:54:54+00:00\",\"dateModified\":\"2016-10-21T10:55:26+00:00\",\"description\":\"Rolf W. Kunz Im Rossacher 15 CH-8494 Bauma Telefon:\u00a0+41 44 940 10 45 E-Mail:\u00a0piano@rolfwkunz.com Webseite: Verantwortlich f\u00fcr den Inhalt: Rolf W. Kunz\",\"breadcrumb\":{\"@id\":\"https:\\\/\\\/www.rolfwkunz.com\\\/de\\\/impressum\\\/#breadcrumb\"},\"inLanguage\":\"de\",\"potentialAction\":[{\"@type\":\"ReadAction\",\"target\":[\"https:\\\/\\\/www.rolfwkunz.com\\\/de\\\/impressum\\\/\"]}]},{\"@type\":\"BreadcrumbList\",\"@id\":\"https:\\\/\\\/www.rolfwkunz.com\\\/de\\\/impressum\\\/#breadcrumb\",\"itemListElement\":[{\"@type\":\"ListItem\",\"position\":1,\"name\":\"Rolf W. Kunz\",\"item\":\"https:\\\/\\\/www.rolfwkunz.com\\\/de\\\/\"},{\"@type\":\"ListItem\",\"position\":2,\"name\":\"Impressum\"}]},{\"@type\":\"WebSite\",\"@id\":\"https:\\\/\\\/www.rolfwkunz.com\\\/de\\\/#website\",\"url\":\"https:\\\/\\\/www.rolfwkunz.com\\\/de\\\/\",\"name\":\"Rolf W. Kunz\",\"description\":\"Piano &amp; Orchestra\",\"potentialAction\":[{\"@type\":\"SearchAction\",\"target\":{\"@type\":\"EntryPoint\",\"urlTemplate\":\"https:\\\/\\\/www.rolfwkunz.com\\\/de\\\/?s={search_term_string}\"},\"query-input\":{\"@type\":\"PropertyValueSpecification\",\"valueRequired\":true,\"valueName\":\"search_term_string\"}}],\"inLanguage\":\"de\"}]}<\/script>\n<!-- \/ Yoast SEO plugin. -->","yoast_head_json":{"title":"Impressum - Rolf W. Kunz","description":"Rolf W. Kunz Im Rossacher 15 CH-8494 Bauma Telefon:\u00a0+41 44 940 10 45 E-Mail:\u00a0piano@rolfwkunz.com Webseite: Verantwortlich f\u00fcr den Inhalt: Rolf W. Kunz","robots":{"index":"index","follow":"follow","max-snippet":"max-snippet:-1","max-image-preview":"max-image-preview:large","max-video-preview":"max-video-preview:-1"},"canonical":"https:\/\/www.rolfwkunz.com\/de\/impressum\/","og_locale":"de_DE","og_type":"article","og_title":"Impressum - Rolf W. Kunz","og_description":"Rolf W. Kunz Im Rossacher 15 CH-8494 Bauma Telefon:\u00a0+41 44 940 10 45 E-Mail:\u00a0piano@rolfwkunz.com Webseite: Verantwortlich f\u00fcr den Inhalt: Rolf W. Kunz","og_url":"https:\/\/www.rolfwkunz.com\/de\/impressum\/","og_site_name":"Rolf W. Kunz","article_publisher":"https:\/\/www.facebook.com\/piano.orchestra\/","article_modified_time":"2016-10-21T10:55:26+00:00","twitter_card":"summary_large_image","twitter_misc":{"Gesch\u00e4tzte Lesezeit":"1\u00a0Minute"},"schema":{"@context":"https:\/\/schema.org","@graph":[{"@type":"WebPage","@id":"https:\/\/www.rolfwkunz.com\/de\/impressum\/","url":"https:\/\/www.rolfwkunz.com\/de\/impressum\/","name":"Impressum - Rolf W. Kunz","isPartOf":{"@id":"https:\/\/www.rolfwkunz.com\/de\/#website"},"datePublished":"2016-10-21T10:54:54+00:00","dateModified":"2016-10-21T10:55:26+00:00","description":"Rolf W. Kunz Im Rossacher 15 CH-8494 Bauma Telefon:\u00a0+41 44 940 10 45 E-Mail:\u00a0piano@rolfwkunz.com Webseite: Verantwortlich f\u00fcr den Inhalt: Rolf W. Kunz","breadcrumb":{"@id":"https:\/\/www.rolfwkunz.com\/de\/impressum\/#breadcrumb"},"inLanguage":"de","potentialAction":[{"@type":"ReadAction","target":["https:\/\/www.rolfwkunz.com\/de\/impressum\/"]}]},{"@type":"BreadcrumbList","@id":"https:\/\/www.rolfwkunz.com\/de\/impressum\/#breadcrumb","itemListElement":[{"@type":"ListItem","position":1,"name":"Rolf W. Kunz","item":"https:\/\/www.rolfwkunz.com\/de\/"},{"@type":"ListItem","position":2,"name":"Impressum"}]},{"@type":"WebSite","@id":"https:\/\/www.rolfwkunz.com\/de\/#website","url":"https:\/\/www.rolfwkunz.com\/de\/","name":"Rolf W. Kunz","description":"Piano &amp; Orchestra","potentialAction":[{"@type":"SearchAction","target":{"@type":"EntryPoint","urlTemplate":"https:\/\/www.rolfwkunz.com\/de\/?s={search_term_string}"},"query-input":{"@type":"PropertyValueSpecification","valueRequired":true,"valueName":"search_term_string"}}],"inLanguage":"de"}]}},"_links":{"self":[{"href":"https:\/\/www.rolfwkunz.com\/de\/wp-json\/wp\/v2\/pages\/1283","targetHints":{"allow":["GET"]}}],"collection":[{"href":"https:\/\/www.rolfwkunz.com\/de\/wp-json\/wp\/v2\/pages"}],"about":[{"href":"https:\/\/www.rolfwkunz.com\/de\/wp-json\/wp\/v2\/types\/page"}],"author":[{"embeddable":true,"href":"https:\/\/www.rolfwkunz.com\/de\/wp-json\/wp\/v2\/users\/1"}],"replies":[{"embeddable":true,"href":"https:\/\/www.rolfwkunz.com\/de\/wp-json\/wp\/v2\/comments?post=1283"}],"version-history":[{"count":3,"href":"https:\/\/www.rolfwkunz.com\/de\/wp-json\/wp\/v2\/pages\/1283\/revisions"}],"predecessor-version":[{"id":1286,"href":"https:\/\/www.rolfwkunz.com\/de\/wp-json\/wp\/v2\/pages\/1283\/revisions\/1286"}],"wp:attachment":[{"href":"https:\/\/www.rolfwkunz.com\/de\/wp-json\/wp\/v2\/media?parent=1283"}],"curies":[{"name":"wp","href":"https:\/\/api.w.org\/{rel}","templated":true}]}}