{"id":28,"date":"2016-08-15T16:08:24","date_gmt":"2016-08-15T14:08:24","guid":{"rendered":"http:\/\/www.rolfwkunz.com\/de\/?page_id=28"},"modified":"2023-07-17T13:44:10","modified_gmt":"2023-07-17T11:44:10","slug":"biografie","status":"publish","type":"page","link":"https:\/\/www.rolfwkunz.com\/de\/biografie\/","title":{"rendered":"Rolf W. Kunz"},"content":{"rendered":"\n<p>Ich bin ein Schweizer Melodienschreiber und produziere leichte klassische Unterhaltungsmusik f\u00fcr Piano &amp; Orchester.<\/p>\n\n\n\n<p>Ich wuchs auf in Uster, Kanton Z\u00fcrich, Schweiz, inmitten einer gesunden Kinderschar, hatte Fussball im Kopf und liebe Eltern. Mein Vater war ein sehr begabter Tanzmusiker (Posaune \/ Saxophone \/ Klarinetten). Mit 10 Jahren hatte ich mit dem Klavierunterricht begonnen, als 17- j\u00e4hriger J\u00fcngling mich dann immer intensiver und ernsthafter um Musik gek\u00fcmmert, dies nebst meiner stets bis heute gebliebenen Freude am Fussballspiel, denn ich spiele immer noch Fussball. Als ich 21 Jahre alt war, wollte ich meine Klavier- und Musiktheorieausbildung vertiefen und nahm deshalb Harmonielehr- Unterricht bei meinem Onkel,\u00a0<a href=\"https:\/\/www.rolfwkunz.com\/de\/mein-team\/erwin-ernst-kunz\/\" target=\"_blank\" rel=\"noreferrer noopener\">Erwin Ernst Kunz<\/a>, Berufsmusiker, Ex- Tonhalleorchester-Musiker Z\u00fcrich, Komponist, Musiktheoretiker, ausgestattet mir dem aboluten Musikgeh\u00f6r,\u00a0welcher in seinem Musikerleben noch unz\u00e4hlige andere musikalische T\u00e4tigkeiten aus\u00fcbte.\u00a0Eigentlich spielte ich immer Klavier zu meinem eigenen Vergn\u00fcgen, begleite noch heute hin und wieder einmal eine Berufsmusikerin oder einen Berufsmusiker (Geiger, Fl\u00f6tisten oder S\u00e4nger) am Klavier, startete ab 1988 jedoch damit, eigene Klaviermelodien zu Papier zu bringen. Zwischen 1990 und heute entstanden aus meiner Feder bereits diverse Alben mit Unterhaltungsmusik f\u00fcr Klavier und Berufsorchester, (Streicher, Bl\u00e4ser, Schlagzeug, Gitarren, usw.) Die ersten zwei Instrumental- Produktionen (VOL 1 und VOL 2) wurden von <a href=\"https:\/\/www.rolfwkunz.com\/de\/mein-team\/erwin-ernst-kunz\/\">Erwin Ernst Kunz<\/a>, Z\u00fcrich, orchestriert und die Musiker rekrutierten sich aus Mitgliedern des Opernhauses Z\u00fcrich\/Schweiz und Musikern der damaligen DRS- Big- Band, Z\u00fcrich\/Schweiz. Die dritte, vierte und siebte Produktion (VOL 3, VOL 4 und VOL 7) wurden vom Deutschen Berufsmusiker <a href=\"https:\/\/www.rolfwkunz.com\/de\/mein-team\/claus-dieter-zimmer\/\">Claus- Dieter Zimmer<\/a>, orchestriert. Die Alben Nummer f\u00fcnf und sechs (VOL 5 und VOL 6) sind Mischungen verschiedener Titel aus den ersten 4 Musikproduktionen. Bei all meinen Musik-Alben handelt es sich um zeitlose Unterhaltungsmusik, von tr\u00e4umerischen Melodien, manchmal auch geschm\u00fcckt mit rassigen T\u00e4nzen, unter anderem Boogie-Woogie, Swing, Tango, Bossa-Nova, Rhumba.<\/p>\n\n\n\n<p>Das Siebente Album (<a href=\"https:\/\/www.rolfwkunz.com\/de\/discografie\/piano-soul-emotions\/\">PIANO SOUL EMOTIONS, VOL. 7<\/a>) wurde 2012 vollendet, worin der Musikliebhaber reiner Instrumentalmusik, der leichte Klassik und zugleich anspruchsvolle Unterhaltungs- Musik f\u00fcr Orchester mit Klavier liebt, seelenber\u00fchrende, tiefsinnige Befriedigung findet.<\/p>\n\n\n\n<p>Mein Achtes Album (<a href=\"https:\/\/www.rolfwkunz.com\/de\/discografie\/piano-jewels\/\">PIANO JEWELS, VOL. 8<\/a>) vollendeten Claus-Dieter Zimmer und ich im Dezember 2021. Hier taucht der Musikfreund in echte Klavier- und Orchester-Juwelen ein, welche die Ohren und die Seele zutiefst begl\u00fccken.<\/p>\n\n\n\n<p>Die Melodien, welche ich f\u00fcr die Kompositionen schrieb, spielte ich auch stets selbst ein und zwar im Musikstudio Eugster Musik, CH-RECORDS, CH- 8600 D\u00fcbendorf, von <a href=\"https:\/\/www.rolfwkunz.com\/de\/mein-team\/alex-eugster\/\">Alex Eugster<\/a> (Ex-Trio Eugster, Schweiz).<\/p>\n\n\n\n<p>Rolf W. Kunz<\/p>\n\n\n\n<figure class=\"wp-block-gallery has-nested-images columns-3 is-cropped wp-block-gallery-1 is-layout-flex wp-block-gallery-is-layout-flex\">\n<figure class=\"wp-block-image size-large\"><a href=\"https:\/\/www.rolfwkunz.com\/wp-content\/uploads\/rolfwkunz_05.jpg\" data-rel=\"lightbox-gallery-1pHXHdHa\" data-rl_title=\"\" data-rl_caption=\"\" title=\"\"><img loading=\"lazy\" decoding=\"async\" width=\"998\" height=\"1024\" data-id=\"604\" src=\"https:\/\/www.rolfwkunz.com\/wp-content\/uploads\/rolfwkunz_05-998x1024.jpg\" alt=\"Rolf W. Kunz - 1989\" class=\"wp-image-604\" srcset=\"https:\/\/www.rolfwkunz.com\/wp-content\/uploads\/rolfwkunz_05-998x1024.jpg 998w, https:\/\/www.rolfwkunz.com\/wp-content\/uploads\/rolfwkunz_05-341x350.jpg 341w, https:\/\/www.rolfwkunz.com\/wp-content\/uploads\/rolfwkunz_05-768x788.jpg 768w\" sizes=\"auto, (max-width: 998px) 100vw, 998px\" \/><\/a><figcaption class=\"wp-element-caption\">Rolf W. Kunz &#8211; 1989<\/figcaption><\/figure>\n\n\n\n<figure class=\"wp-block-image size-large\"><a href=\"https:\/\/www.rolfwkunz.com\/wp-content\/uploads\/rolfwkunz_06.jpg\" data-rel=\"lightbox-gallery-1pHXHdHa\" data-rl_title=\"\" data-rl_caption=\"\" title=\"\"><img loading=\"lazy\" decoding=\"async\" width=\"795\" height=\"1024\" data-id=\"607\" src=\"https:\/\/www.rolfwkunz.com\/wp-content\/uploads\/rolfwkunz_06-795x1024.jpg\" alt=\"Rolf W. Kunz - 1989\" class=\"wp-image-607\" srcset=\"https:\/\/www.rolfwkunz.com\/wp-content\/uploads\/rolfwkunz_06-795x1024.jpg 795w, https:\/\/www.rolfwkunz.com\/wp-content\/uploads\/rolfwkunz_06-272x350.jpg 272w, https:\/\/www.rolfwkunz.com\/wp-content\/uploads\/rolfwkunz_06-768x989.jpg 768w\" sizes=\"auto, (max-width: 795px) 100vw, 795px\" \/><\/a><figcaption class=\"wp-element-caption\">Rolf W. Kunz &#8211; 1989<\/figcaption><\/figure>\n\n\n\n<figure class=\"wp-block-image size-large\"><a href=\"https:\/\/www.rolfwkunz.com\/wp-content\/uploads\/rolfwkunz_02.jpg\" data-rel=\"lightbox-gallery-1pHXHdHa\" data-rl_title=\"\" data-rl_caption=\"\" title=\"\"><img loading=\"lazy\" decoding=\"async\" width=\"710\" height=\"1024\" data-id=\"595\" src=\"https:\/\/www.rolfwkunz.com\/wp-content\/uploads\/rolfwkunz_02-710x1024.jpg\" alt=\"Rolf W. Kunz - 1989\" class=\"wp-image-595\" srcset=\"https:\/\/www.rolfwkunz.com\/wp-content\/uploads\/rolfwkunz_02-710x1024.jpg 710w, https:\/\/www.rolfwkunz.com\/wp-content\/uploads\/rolfwkunz_02-243x350.jpg 243w, https:\/\/www.rolfwkunz.com\/wp-content\/uploads\/rolfwkunz_02-768x1107.jpg 768w, https:\/\/www.rolfwkunz.com\/wp-content\/uploads\/rolfwkunz_02.jpg 2043w\" sizes=\"auto, (max-width: 710px) 100vw, 710px\" \/><\/a><figcaption class=\"wp-element-caption\">Rolf W. Kunz &#8211; 1989<\/figcaption><\/figure>\n\n\n\n<figure class=\"wp-block-image size-large\"><a href=\"https:\/\/www.rolfwkunz.com\/wp-content\/uploads\/erwinernstkunz_arranger_conductor_rolfwkunz_02.jpg\" data-rel=\"lightbox-gallery-1pHXHdHa\" data-rl_title=\"\" data-rl_caption=\"\" title=\"\"><img loading=\"lazy\" decoding=\"async\" width=\"1024\" height=\"817\" data-id=\"517\" src=\"https:\/\/www.rolfwkunz.com\/wp-content\/uploads\/erwinernstkunz_arranger_conductor_rolfwkunz_02-1024x817.jpg\" alt=\"Erwin Ernst Kunz &amp; Rolf W. Kunz\" class=\"wp-image-517\" srcset=\"https:\/\/www.rolfwkunz.com\/wp-content\/uploads\/erwinernstkunz_arranger_conductor_rolfwkunz_02-1024x817.jpg 1024w, https:\/\/www.rolfwkunz.com\/wp-content\/uploads\/erwinernstkunz_arranger_conductor_rolfwkunz_02-350x279.jpg 350w, https:\/\/www.rolfwkunz.com\/wp-content\/uploads\/erwinernstkunz_arranger_conductor_rolfwkunz_02-768x613.jpg 768w\" sizes=\"auto, (max-width: 1024px) 100vw, 1024px\" \/><\/a><figcaption class=\"wp-element-caption\">Erwin Ernst Kunz &amp; Rolf W. Kunz &#8211; 1989<\/figcaption><\/figure>\n\n\n\n<figure class=\"wp-block-image size-large\"><a href=\"https:\/\/www.rolfwkunz.com\/wp-content\/uploads\/alex-eugster-rolf-w-kunz.jpg\" data-rel=\"lightbox-gallery-1pHXHdHa\" data-rl_title=\"\" data-rl_caption=\"\" title=\"\"><img loading=\"lazy\" decoding=\"async\" width=\"881\" height=\"1024\" data-id=\"1797\" src=\"https:\/\/www.rolfwkunz.com\/wp-content\/uploads\/alex-eugster-rolf-w-kunz-881x1024.jpg\" alt=\"Alex Eugster mit Rolf - 2006\" class=\"wp-image-1797\" srcset=\"https:\/\/www.rolfwkunz.com\/wp-content\/uploads\/alex-eugster-rolf-w-kunz-881x1024.jpg 881w, https:\/\/www.rolfwkunz.com\/wp-content\/uploads\/alex-eugster-rolf-w-kunz-301x350.jpg 301w, https:\/\/www.rolfwkunz.com\/wp-content\/uploads\/alex-eugster-rolf-w-kunz-768x893.jpg 768w, https:\/\/www.rolfwkunz.com\/wp-content\/uploads\/alex-eugster-rolf-w-kunz.jpg 1569w\" sizes=\"auto, (max-width: 881px) 100vw, 881px\" \/><\/a><figcaption class=\"wp-element-caption\">Alex Eugster mit Rolf &#8211; 2006<\/figcaption><\/figure>\n\n\n\n<figure class=\"wp-block-image size-large\"><a href=\"https:\/\/www.rolfwkunz.com\/wp-content\/uploads\/berset.jpg\" data-rel=\"lightbox-gallery-1pHXHdHa\" data-rl_title=\"\" data-rl_caption=\"\" title=\"\"><img loading=\"lazy\" decoding=\"async\" width=\"821\" height=\"616\" data-id=\"822\" src=\"https:\/\/www.rolfwkunz.com\/wp-content\/uploads\/berset.jpg\" alt=\"Links: Alain Berset, Rechts: Rolf W. Kunz - 2014\" class=\"wp-image-822\" srcset=\"https:\/\/www.rolfwkunz.com\/wp-content\/uploads\/berset.jpg 821w, https:\/\/www.rolfwkunz.com\/wp-content\/uploads\/berset-350x263.jpg 350w, https:\/\/www.rolfwkunz.com\/wp-content\/uploads\/berset-768x576.jpg 768w\" sizes=\"auto, (max-width: 821px) 100vw, 821px\" \/><\/a><figcaption class=\"wp-element-caption\">Links: Alain Berset, Rechts: Rolf W. Kunz &#8211; 2014<\/figcaption><\/figure>\n\n\n\n<figure class=\"wp-block-image size-large\"><a href=\"https:\/\/www.rolfwkunz.com\/wp-content\/uploads\/slobodan-mirkovic-rolf-6.jpg\" data-rel=\"lightbox-gallery-1pHXHdHa\" data-rl_title=\"\" data-rl_caption=\"\" title=\"\"><img loading=\"lazy\" decoding=\"async\" width=\"1024\" height=\"684\" data-id=\"364\" src=\"https:\/\/www.rolfwkunz.com\/wp-content\/uploads\/slobodan-mirkovic-rolf-6-1024x684.jpg\" alt=\"Rolf W. Kunz - 2015\" class=\"wp-image-364\" srcset=\"https:\/\/www.rolfwkunz.com\/wp-content\/uploads\/slobodan-mirkovic-rolf-6.jpg 1024w, https:\/\/www.rolfwkunz.com\/wp-content\/uploads\/slobodan-mirkovic-rolf-6-350x234.jpg 350w, https:\/\/www.rolfwkunz.com\/wp-content\/uploads\/slobodan-mirkovic-rolf-6-768x513.jpg 768w\" sizes=\"auto, (max-width: 1024px) 100vw, 1024px\" \/><\/a><figcaption class=\"wp-element-caption\">Rolf W. Kunz &#8211; 2015<\/figcaption><\/figure>\n\n\n\n<figure class=\"wp-block-image size-large\"><a href=\"https:\/\/www.rolfwkunz.com\/wp-content\/uploads\/slobodan-mirkovic-rolf-2.jpg\" data-rel=\"lightbox-gallery-1pHXHdHa\" data-rl_title=\"\" data-rl_caption=\"\" title=\"\"><img loading=\"lazy\" decoding=\"async\" width=\"1024\" height=\"683\" data-id=\"376\" src=\"https:\/\/www.rolfwkunz.com\/wp-content\/uploads\/slobodan-mirkovic-rolf-2-1024x683.jpg\" alt=\"Slobodan Mirkovic &amp; Rolf W. Kunz - 2015\" class=\"wp-image-376\" srcset=\"https:\/\/www.rolfwkunz.com\/wp-content\/uploads\/slobodan-mirkovic-rolf-2.jpg 1024w, https:\/\/www.rolfwkunz.com\/wp-content\/uploads\/slobodan-mirkovic-rolf-2-350x233.jpg 350w, https:\/\/www.rolfwkunz.com\/wp-content\/uploads\/slobodan-mirkovic-rolf-2-768x512.jpg 768w\" sizes=\"auto, (max-width: 1024px) 100vw, 1024px\" \/><\/a><figcaption class=\"wp-element-caption\">Slobodan Mirkovic &amp; Rolf W. Kunz &#8211; 2015<\/figcaption><\/figure>\n\n\n\n<figure class=\"wp-block-image size-large\"><a href=\"https:\/\/www.rolfwkunz.com\/wp-content\/uploads\/victoria-manni-carlo-roethlisberger-rolf-w-kunz.jpg\" data-rel=\"lightbox-gallery-1pHXHdHa\" data-rl_title=\"\" data-rl_caption=\"\" title=\"\"><img loading=\"lazy\" decoding=\"async\" width=\"960\" height=\"720\" data-id=\"2167\" src=\"https:\/\/www.rolfwkunz.com\/wp-content\/uploads\/victoria-manni-carlo-roethlisberger-rolf-w-kunz.jpg\" alt=\"Carlo R\u00f6thlisberger, Rolf W. Kunz, Victoria Manni - 2018\" class=\"wp-image-2167\" srcset=\"https:\/\/www.rolfwkunz.com\/wp-content\/uploads\/victoria-manni-carlo-roethlisberger-rolf-w-kunz.jpg 960w, https:\/\/www.rolfwkunz.com\/wp-content\/uploads\/victoria-manni-carlo-roethlisberger-rolf-w-kunz-350x263.jpg 350w, https:\/\/www.rolfwkunz.com\/wp-content\/uploads\/victoria-manni-carlo-roethlisberger-rolf-w-kunz-768x576.jpg 768w\" sizes=\"auto, (max-width: 960px) 100vw, 960px\" \/><\/a><figcaption class=\"wp-element-caption\">Carlo R\u00f6thlisberger, Rolf W. Kunz, Victoria Manni &#8211; 2019<\/figcaption><\/figure>\n\n\n\n<figure class=\"wp-block-image size-large\"><a href=\"https:\/\/www.rolfwkunz.com\/wp-content\/uploads\/selfie-mit-ueli-2-1-e1579275731495.jpg\" data-rel=\"lightbox-gallery-1pHXHdHa\" data-rl_title=\"\" data-rl_caption=\"\" title=\"\"><img loading=\"lazy\" decoding=\"async\" width=\"1280\" height=\"960\" data-id=\"1724\" src=\"https:\/\/www.rolfwkunz.com\/wp-content\/uploads\/selfie-mit-ueli-2-1-e1579275731495.jpg\" alt=\"Selfie mit Ueli\" class=\"wp-image-1724\" srcset=\"https:\/\/www.rolfwkunz.com\/wp-content\/uploads\/selfie-mit-ueli-2-1-e1579275731495.jpg 1280w, https:\/\/www.rolfwkunz.com\/wp-content\/uploads\/selfie-mit-ueli-2-1-e1579275731495-350x263.jpg 350w, https:\/\/www.rolfwkunz.com\/wp-content\/uploads\/selfie-mit-ueli-2-1-e1579275731495-768x576.jpg 768w, https:\/\/www.rolfwkunz.com\/wp-content\/uploads\/selfie-mit-ueli-2-1-e1579275731495-1024x768.jpg 1024w\" sizes=\"auto, (max-width: 1280px) 100vw, 1280px\" \/><\/a><figcaption class=\"wp-element-caption\">Ueli Maurer &amp; Rolf W. Kunz &#8211; 2020<\/figcaption><\/figure>\n\n\n\n<figure class=\"wp-block-image size-large\"><a href=\"https:\/\/www.rolfwkunz.com\/wp-content\/uploads\/alex-eugster-adam-taubitz-rolf-w-kunz-rotated.jpeg\" data-rel=\"lightbox-gallery-1pHXHdHa\" data-rl_title=\"\" data-rl_caption=\"\" title=\"\"><img loading=\"lazy\" decoding=\"async\" width=\"1278\" height=\"960\" data-id=\"2198\" src=\"https:\/\/www.rolfwkunz.com\/wp-content\/uploads\/alex-eugster-adam-taubitz-rolf-w-kunz-rotated.jpeg\" alt=\"Alex Eugster Adam Taubitz Rolf W. Kunz\" class=\"wp-image-2198\" srcset=\"https:\/\/www.rolfwkunz.com\/wp-content\/uploads\/alex-eugster-adam-taubitz-rolf-w-kunz-rotated.jpeg 1278w, https:\/\/www.rolfwkunz.com\/wp-content\/uploads\/alex-eugster-adam-taubitz-rolf-w-kunz-350x263.jpeg 350w, https:\/\/www.rolfwkunz.com\/wp-content\/uploads\/alex-eugster-adam-taubitz-rolf-w-kunz-1024x769.jpeg 1024w, https:\/\/www.rolfwkunz.com\/wp-content\/uploads\/alex-eugster-adam-taubitz-rolf-w-kunz-768x577.jpeg 768w\" sizes=\"auto, (max-width: 1278px) 100vw, 1278px\" \/><\/a><figcaption class=\"wp-element-caption\">Alex Eugster Adam Taubitz Rolf W. Kunz 2021<\/figcaption><\/figure>\n<\/figure>\n","protected":false},"excerpt":{"rendered":"<p>Ich bin ein Schweizer Melodienschreiber und produziere leichte klassische Unterhaltungsmusik f\u00fcr Piano &amp; Orchester. Ich wuchs auf in Uster, Kanton Z\u00fcrich, Schweiz, inmitten einer gesunden Kinderschar, hatte Fussball im Kopf und liebe Eltern. Mein Vater war ein sehr begabter Tanzmusiker (Posaune \/ Saxophone \/ Klarinetten). Mit 10 Jahren hatte ich mit dem Klavierunterricht begonnen, als [&hellip;]<\/p>\n","protected":false},"author":2,"featured_media":8,"parent":0,"menu_order":0,"comment_status":"closed","ping_status":"closed","template":"page-people.php","meta":{"footnotes":""},"class_list":["post-28","page","type-page","status-publish","has-post-thumbnail","hentry"],"yoast_head":"<!-- This site is optimized with the Yoast SEO plugin v27.4 - https:\/\/yoast.com\/product\/yoast-seo-wordpress\/ -->\n<title>Rolf W. Kunz - Rolf W. Kunz<\/title>\n<meta name=\"description\" content=\"Ich bin ein Schweizer Melodienschreiber und produziere leichte klassische Unterhaltungsmusik f\u00fcr Piano &amp; Orchester. Ich wuchs auf in Uster, Kanton\" \/>\n<meta name=\"robots\" content=\"index, follow, max-snippet:-1, max-image-preview:large, max-video-preview:-1\" \/>\n<link rel=\"canonical\" href=\"https:\/\/www.rolfwkunz.com\/de\/biografie\/\" \/>\n<meta property=\"og:locale\" content=\"de_DE\" \/>\n<meta property=\"og:type\" content=\"article\" \/>\n<meta property=\"og:title\" content=\"Rolf W. Kunz - Rolf W. Kunz\" \/>\n<meta property=\"og:description\" content=\"Ich bin ein Schweizer Melodienschreiber und produziere leichte klassische Unterhaltungsmusik f\u00fcr Piano &amp; Orchester. Ich wuchs auf in Uster, Kanton\" \/>\n<meta property=\"og:url\" content=\"https:\/\/www.rolfwkunz.com\/de\/biografie\/\" \/>\n<meta property=\"og:site_name\" content=\"Rolf W. Kunz\" \/>\n<meta property=\"article:publisher\" content=\"https:\/\/www.facebook.com\/piano.orchestra\/\" \/>\n<meta property=\"article:modified_time\" content=\"2023-07-17T11:44:10+00:00\" \/>\n<meta property=\"og:image\" content=\"https:\/\/www.rolfwkunz.com\/wp-content\/uploads\/rolf-w-kunz-2010.jpg\" \/>\n\t<meta property=\"og:image:width\" content=\"1181\" \/>\n\t<meta property=\"og:image:height\" content=\"1654\" \/>\n\t<meta property=\"og:image:type\" content=\"image\/jpeg\" \/>\n<meta name=\"twitter:card\" content=\"summary_large_image\" \/>\n<meta name=\"twitter:label1\" content=\"Gesch\u00e4tzte Lesezeit\" \/>\n\t<meta name=\"twitter:data1\" content=\"5\u00a0Minuten\" \/>\n<script type=\"application\/ld+json\" class=\"yoast-schema-graph\">{\"@context\":\"https:\\\/\\\/schema.org\",\"@graph\":[{\"@type\":\"WebPage\",\"@id\":\"https:\\\/\\\/www.rolfwkunz.com\\\/de\\\/biografie\\\/\",\"url\":\"https:\\\/\\\/www.rolfwkunz.com\\\/de\\\/biografie\\\/\",\"name\":\"Rolf W. Kunz - Rolf W. Kunz\",\"isPartOf\":{\"@id\":\"https:\\\/\\\/www.rolfwkunz.com\\\/de\\\/#website\"},\"primaryImageOfPage\":{\"@id\":\"https:\\\/\\\/www.rolfwkunz.com\\\/de\\\/biografie\\\/#primaryimage\"},\"image\":{\"@id\":\"https:\\\/\\\/www.rolfwkunz.com\\\/de\\\/biografie\\\/#primaryimage\"},\"thumbnailUrl\":\"https:\\\/\\\/www.rolfwkunz.com\\\/wp-content\\\/uploads\\\/rolf-w-kunz-2010.jpg\",\"datePublished\":\"2016-08-15T14:08:24+00:00\",\"dateModified\":\"2023-07-17T11:44:10+00:00\",\"description\":\"Ich bin ein Schweizer Melodienschreiber und produziere leichte klassische Unterhaltungsmusik f\u00fcr Piano &amp; Orchester. Ich wuchs auf in Uster, Kanton\",\"breadcrumb\":{\"@id\":\"https:\\\/\\\/www.rolfwkunz.com\\\/de\\\/biografie\\\/#breadcrumb\"},\"inLanguage\":\"de\",\"potentialAction\":[{\"@type\":\"ReadAction\",\"target\":[\"https:\\\/\\\/www.rolfwkunz.com\\\/de\\\/biografie\\\/\"]}]},{\"@type\":\"ImageObject\",\"inLanguage\":\"de\",\"@id\":\"https:\\\/\\\/www.rolfwkunz.com\\\/de\\\/biografie\\\/#primaryimage\",\"url\":\"https:\\\/\\\/www.rolfwkunz.com\\\/wp-content\\\/uploads\\\/rolf-w-kunz-2010.jpg\",\"contentUrl\":\"https:\\\/\\\/www.rolfwkunz.com\\\/wp-content\\\/uploads\\\/rolf-w-kunz-2010.jpg\",\"width\":1181,\"height\":1654},{\"@type\":\"BreadcrumbList\",\"@id\":\"https:\\\/\\\/www.rolfwkunz.com\\\/de\\\/biografie\\\/#breadcrumb\",\"itemListElement\":[{\"@type\":\"ListItem\",\"position\":1,\"name\":\"Rolf W. Kunz\",\"item\":\"https:\\\/\\\/www.rolfwkunz.com\\\/de\\\/\"},{\"@type\":\"ListItem\",\"position\":2,\"name\":\"Biografie\"}]},{\"@type\":\"WebSite\",\"@id\":\"https:\\\/\\\/www.rolfwkunz.com\\\/de\\\/#website\",\"url\":\"https:\\\/\\\/www.rolfwkunz.com\\\/de\\\/\",\"name\":\"Rolf W. Kunz\",\"description\":\"Piano &amp; Orchestra\",\"potentialAction\":[{\"@type\":\"SearchAction\",\"target\":{\"@type\":\"EntryPoint\",\"urlTemplate\":\"https:\\\/\\\/www.rolfwkunz.com\\\/de\\\/?s={search_term_string}\"},\"query-input\":{\"@type\":\"PropertyValueSpecification\",\"valueRequired\":true,\"valueName\":\"search_term_string\"}}],\"inLanguage\":\"de\"}]}<\/script>\n<!-- \/ Yoast SEO plugin. -->","yoast_head_json":{"title":"Rolf W. Kunz - Rolf W. Kunz","description":"Ich bin ein Schweizer Melodienschreiber und produziere leichte klassische Unterhaltungsmusik f\u00fcr Piano &amp; Orchester. Ich wuchs auf in Uster, Kanton","robots":{"index":"index","follow":"follow","max-snippet":"max-snippet:-1","max-image-preview":"max-image-preview:large","max-video-preview":"max-video-preview:-1"},"canonical":"https:\/\/www.rolfwkunz.com\/de\/biografie\/","og_locale":"de_DE","og_type":"article","og_title":"Rolf W. Kunz - Rolf W. Kunz","og_description":"Ich bin ein Schweizer Melodienschreiber und produziere leichte klassische Unterhaltungsmusik f\u00fcr Piano &amp; Orchester. Ich wuchs auf in Uster, Kanton","og_url":"https:\/\/www.rolfwkunz.com\/de\/biografie\/","og_site_name":"Rolf W. Kunz","article_publisher":"https:\/\/www.facebook.com\/piano.orchestra\/","article_modified_time":"2023-07-17T11:44:10+00:00","og_image":[{"width":1181,"height":1654,"url":"https:\/\/www.rolfwkunz.com\/wp-content\/uploads\/rolf-w-kunz-2010.jpg","type":"image\/jpeg"}],"twitter_card":"summary_large_image","twitter_misc":{"Gesch\u00e4tzte Lesezeit":"5\u00a0Minuten"},"schema":{"@context":"https:\/\/schema.org","@graph":[{"@type":"WebPage","@id":"https:\/\/www.rolfwkunz.com\/de\/biografie\/","url":"https:\/\/www.rolfwkunz.com\/de\/biografie\/","name":"Rolf W. Kunz - Rolf W. Kunz","isPartOf":{"@id":"https:\/\/www.rolfwkunz.com\/de\/#website"},"primaryImageOfPage":{"@id":"https:\/\/www.rolfwkunz.com\/de\/biografie\/#primaryimage"},"image":{"@id":"https:\/\/www.rolfwkunz.com\/de\/biografie\/#primaryimage"},"thumbnailUrl":"https:\/\/www.rolfwkunz.com\/wp-content\/uploads\/rolf-w-kunz-2010.jpg","datePublished":"2016-08-15T14:08:24+00:00","dateModified":"2023-07-17T11:44:10+00:00","description":"Ich bin ein Schweizer Melodienschreiber und produziere leichte klassische Unterhaltungsmusik f\u00fcr Piano &amp; Orchester. Ich wuchs auf in Uster, Kanton","breadcrumb":{"@id":"https:\/\/www.rolfwkunz.com\/de\/biografie\/#breadcrumb"},"inLanguage":"de","potentialAction":[{"@type":"ReadAction","target":["https:\/\/www.rolfwkunz.com\/de\/biografie\/"]}]},{"@type":"ImageObject","inLanguage":"de","@id":"https:\/\/www.rolfwkunz.com\/de\/biografie\/#primaryimage","url":"https:\/\/www.rolfwkunz.com\/wp-content\/uploads\/rolf-w-kunz-2010.jpg","contentUrl":"https:\/\/www.rolfwkunz.com\/wp-content\/uploads\/rolf-w-kunz-2010.jpg","width":1181,"height":1654},{"@type":"BreadcrumbList","@id":"https:\/\/www.rolfwkunz.com\/de\/biografie\/#breadcrumb","itemListElement":[{"@type":"ListItem","position":1,"name":"Rolf W. Kunz","item":"https:\/\/www.rolfwkunz.com\/de\/"},{"@type":"ListItem","position":2,"name":"Biografie"}]},{"@type":"WebSite","@id":"https:\/\/www.rolfwkunz.com\/de\/#website","url":"https:\/\/www.rolfwkunz.com\/de\/","name":"Rolf W. Kunz","description":"Piano &amp; Orchestra","potentialAction":[{"@type":"SearchAction","target":{"@type":"EntryPoint","urlTemplate":"https:\/\/www.rolfwkunz.com\/de\/?s={search_term_string}"},"query-input":{"@type":"PropertyValueSpecification","valueRequired":true,"valueName":"search_term_string"}}],"inLanguage":"de"}]}},"_links":{"self":[{"href":"https:\/\/www.rolfwkunz.com\/de\/wp-json\/wp\/v2\/pages\/28","targetHints":{"allow":["GET"]}}],"collection":[{"href":"https:\/\/www.rolfwkunz.com\/de\/wp-json\/wp\/v2\/pages"}],"about":[{"href":"https:\/\/www.rolfwkunz.com\/de\/wp-json\/wp\/v2\/types\/page"}],"author":[{"embeddable":true,"href":"https:\/\/www.rolfwkunz.com\/de\/wp-json\/wp\/v2\/users\/2"}],"replies":[{"embeddable":true,"href":"https:\/\/www.rolfwkunz.com\/de\/wp-json\/wp\/v2\/comments?post=28"}],"version-history":[{"count":25,"href":"https:\/\/www.rolfwkunz.com\/de\/wp-json\/wp\/v2\/pages\/28\/revisions"}],"predecessor-version":[{"id":2935,"href":"https:\/\/www.rolfwkunz.com\/de\/wp-json\/wp\/v2\/pages\/28\/revisions\/2935"}],"wp:featuredmedia":[{"embeddable":true,"href":"https:\/\/www.rolfwkunz.com\/de\/wp-json\/wp\/v2\/media\/8"}],"wp:attachment":[{"href":"https:\/\/www.rolfwkunz.com\/de\/wp-json\/wp\/v2\/media?parent=28"}],"curies":[{"name":"wp","href":"https:\/\/api.w.org\/{rel}","templated":true}]}}