{"id":2821,"date":"2022-02-28T09:53:23","date_gmt":"2022-02-28T08:53:23","guid":{"rendered":"https:\/\/www.rolfwkunz.com\/?page_id=2821"},"modified":"2022-02-28T17:47:44","modified_gmt":"2022-02-28T16:47:44","slug":"slobodan-mirkovic","status":"publish","type":"page","link":"https:\/\/www.rolfwkunz.com\/de\/mein-team\/meine-partner\/slobodan-mirkovic\/","title":{"rendered":"Slobodan Mirkovic"},"content":{"rendered":"\n<p>Slobodan Mirkovic war langj\u00e4hriger 1. Konzertmeister im Orchester der Oper Z\u00fcrich. Zahlreiche Auftritte als Solist und Kammermusiker erg\u00e4nzen seine musikalische T\u00e4tigkeit.<br>Als Leiter des \u201eKammerensemble \u201976 Z\u00fcrich\u201c, bestehend aus Solisten des Opern- und Tonhalleorchesters, f\u00fchrten die Musiker Trios bis Nonetten auf.<br>Radioaufnahmen in der Schweiz, Deutschland, Italien und Frankreich und Teilnahme an vielen Festivals im In- und Ausland runden seine musikalische Vielf\u00e4ltigkeit ab.<br>Als P\u00e4dagoge und Fachexperte beim Schweizerischen Musikp\u00e4dagogischen Verband weist Slobodan Mirkovic erfolgreiche Lehrt\u00e4tigkeiten vor.<\/p>\n\n\n\n<p>1988 begann unsere musikalische Zusammenarbeit mit den Alben <a href=\"https:\/\/www.rolfwkunz.com\/de\/discografie\/piano-emotions\/\">Piano Emotions, Vol. 1<\/a> und <a href=\"https:\/\/www.rolfwkunz.com\/de\/discografie\/piano-sky-dreams\/\">Piano Sky Dreams, Vol. 2<\/a>. <\/p>\n\n\n\n<p class=\"has-text-align-right\"><a href=\"http:\/\/slobodanmirkovic.com\/\">Zu seiner Webseite &gt;&gt;&gt;<\/a><\/p>\n\n\n\n<h2 class=\"wp-block-heading\">Solos spielte er in den St\u00fccken:<\/h2>\n\n\n\n<ul class=\"wp-block-list\"><li>Swiss Piano Kiss (PIANO EMOTIONS, VOL. 1)<\/li><li>Tu Es Mon Espoir (PIANO EMOTIONS, VOL. 1)<\/li><li>Dolce Fiore (PIANO EMOTIONS, VOL. 1)<\/li><li>Andante d`Amore (PIANO SKY DREAMS, VOL. 2)<\/li><li>Eternit\u00e9 (PIANO SKY DREAMS, VOL. 2)<\/li><\/ul>\n\n\n\n<figure class=\"wp-block-gallery has-nested-images columns-default is-cropped wp-block-gallery-1 is-layout-flex wp-block-gallery-is-layout-flex\">\n<figure class=\"wp-block-image size-large\"><a href=\"https:\/\/www.rolfwkunz.com\/wp-content\/uploads\/slobodan_mirkovic_1stviolin_soloist_01.jpg\" data-rel=\"lightbox-gallery-qziulPLh\" data-rl_title=\"\" data-rl_caption=\"\" title=\"\"><img loading=\"lazy\" decoding=\"async\" width=\"1956\" height=\"2862\" data-id=\"426\" src=\"https:\/\/www.rolfwkunz.com\/wp-content\/uploads\/slobodan_mirkovic_1stviolin_soloist_01.jpg\" alt=\"Slobodan Mirkovic\" class=\"wp-image-426\" srcset=\"https:\/\/www.rolfwkunz.com\/wp-content\/uploads\/slobodan_mirkovic_1stviolin_soloist_01.jpg 1956w, https:\/\/www.rolfwkunz.com\/wp-content\/uploads\/slobodan_mirkovic_1stviolin_soloist_01-239x350.jpg 239w, https:\/\/www.rolfwkunz.com\/wp-content\/uploads\/slobodan_mirkovic_1stviolin_soloist_01-768x1124.jpg 768w, https:\/\/www.rolfwkunz.com\/wp-content\/uploads\/slobodan_mirkovic_1stviolin_soloist_01-700x1024.jpg 700w\" sizes=\"auto, (max-width: 1956px) 100vw, 1956px\" \/><\/a><figcaption>Slobodan Mirkovic 1988<\/figcaption><\/figure>\n\n\n\n<figure class=\"wp-block-image size-large\"><a href=\"https:\/\/www.rolfwkunz.com\/wp-content\/uploads\/slobodan_mirkovic_1stviolin_soloist_02.jpg\" data-rel=\"lightbox-gallery-qziulPLh\" data-rl_title=\"\" data-rl_caption=\"\" title=\"\"><img loading=\"lazy\" decoding=\"async\" width=\"1995\" height=\"2924\" data-id=\"429\" src=\"https:\/\/www.rolfwkunz.com\/wp-content\/uploads\/slobodan_mirkovic_1stviolin_soloist_02.jpg\" alt=\"Slobodan Mirkovic\" class=\"wp-image-429\" srcset=\"https:\/\/www.rolfwkunz.com\/wp-content\/uploads\/slobodan_mirkovic_1stviolin_soloist_02.jpg 1995w, https:\/\/www.rolfwkunz.com\/wp-content\/uploads\/slobodan_mirkovic_1stviolin_soloist_02-239x350.jpg 239w, https:\/\/www.rolfwkunz.com\/wp-content\/uploads\/slobodan_mirkovic_1stviolin_soloist_02-768x1126.jpg 768w, https:\/\/www.rolfwkunz.com\/wp-content\/uploads\/slobodan_mirkovic_1stviolin_soloist_02-699x1024.jpg 699w\" sizes=\"auto, (max-width: 1995px) 100vw, 1995px\" \/><\/a><figcaption>Slobodan Mirkovic 1988<\/figcaption><\/figure>\n\n\n\n<figure class=\"wp-block-image size-large\"><a href=\"https:\/\/www.rolfwkunz.com\/wp-content\/uploads\/slobi-rolf-1.jpg\" data-rel=\"lightbox-gallery-qziulPLh\" data-rl_title=\"\" data-rl_caption=\"\" title=\"\"><img loading=\"lazy\" decoding=\"async\" width=\"1024\" height=\"683\" data-id=\"370\" src=\"https:\/\/www.rolfwkunz.com\/wp-content\/uploads\/slobi-rolf-1.jpg\" alt=\"\" class=\"wp-image-370\" srcset=\"https:\/\/www.rolfwkunz.com\/wp-content\/uploads\/slobi-rolf-1.jpg 1024w, https:\/\/www.rolfwkunz.com\/wp-content\/uploads\/slobi-rolf-1-350x233.jpg 350w, https:\/\/www.rolfwkunz.com\/wp-content\/uploads\/slobi-rolf-1-768x512.jpg 768w\" sizes=\"auto, (max-width: 1024px) 100vw, 1024px\" \/><\/a><figcaption>Slobodan Mirkovic 2013<\/figcaption><\/figure>\n<\/figure>\n\n\n\n<h2 class=\"wp-block-heading\">Beitr\u00e4ge mit Slobodan Mirkovic<\/h2>\n\n\n\n<div class=\"wp-block-query is-layout-flow wp-block-query-is-layout-flow\"><ul class=\"is-flex-container columns-3 wp-block-post-template is-layout-flow wp-block-post-template-is-layout-flow\"><li class=\"wp-block-post post-714 post type-post status-publish format-standard has-post-thumbnail hentry category-neuigkeiten category-videos tag-onkel-ernst tag-slobodan-mirkovic\">\n<h3 class=\"wp-block-post-title\">Musikaufnahmen 1988\/89 f\u00fcr die CD\u2019s VOL. 1 &#038; VOL. 2<\/h3>\n\n<div class=\"has-text-align-left wp-block-post-excerpt\"><p class=\"wp-block-post-excerpt__excerpt\">Ein Video und einige Fotos von den Musikaufnahmen f\u00fcr die Alben &#8222;Piano Emotions &#8211; VOL. 1&#8220; &#038; &#8222;Piano Sky Dreams &#8211; VOL. 2&#8220; (Dream of Heaven) vom 19.12.1988.<\/p><p class=\"wp-block-post-excerpt__more-text\"><a class=\"wp-block-post-excerpt__more-link\" href=\"https:\/\/www.rolfwkunz.com\/de\/musikaufnahmen-fuer-die-cds-vol-1-vol-2\/\">Mehr lesen<\/a><\/p><\/div>\n<\/li><li class=\"wp-block-post post-740 post type-post status-publish format-standard has-post-thumbnail hentry category-neuigkeiten category-videos tag-slobodan-mirkovic\">\n<h3 class=\"wp-block-post-title\">Konzertproben- Ausschnitte vom 22. Juni 2013<\/h3>\n\n<div class=\"has-text-align-left wp-block-post-excerpt\"><p class=\"wp-block-post-excerpt__excerpt\">Slobodan Mirkovic, Violine &#8211; Rolf W. Kunz, Piano<\/p><p class=\"wp-block-post-excerpt__more-text\"><a class=\"wp-block-post-excerpt__more-link\" href=\"https:\/\/www.rolfwkunz.com\/de\/konzertproben-ausschnitte-vom-22-juni-2013\/\">Mehr lesen<\/a><\/p><\/div>\n<\/li><li class=\"wp-block-post post-725 post type-post status-publish format-standard has-post-thumbnail hentry category-neuigkeiten category-videos tag-slobodan-mirkovic\">\n<h3 class=\"wp-block-post-title\">Slobodan Mirkovic &#038; Rolf W. Kunz \u2013 Berceuse -Mai 2014<\/h3>\n\n<div class=\"has-text-align-left wp-block-post-excerpt\"><p class=\"wp-block-post-excerpt__excerpt\">Slobodan Mirkovic, Violine &#8211; Rolf W. Kunz, Piano<\/p><p class=\"wp-block-post-excerpt__more-text\"><a class=\"wp-block-post-excerpt__more-link\" href=\"https:\/\/www.rolfwkunz.com\/de\/slobodan-mirkovic-rolf-w-kunz-berceuse\/\">Mehr lesen<\/a><\/p><\/div>\n<\/li><\/ul><\/div>\n","protected":false},"excerpt":{"rendered":"<p>Slobodan Mirkovic war langj\u00e4hriger 1. Konzertmeister im Orchester der Oper Z\u00fcrich. Zahlreiche Auftritte als Solist und Kammermusiker erg\u00e4nzen seine musikalische T\u00e4tigkeit.Als Leiter des \u201eKammerensemble \u201976 Z\u00fcrich\u201c, bestehend aus Solisten des Opern- und Tonhalleorchesters, f\u00fchrten die Musiker Trios bis Nonetten auf.Radioaufnahmen in der Schweiz, Deutschland, Italien und Frankreich und Teilnahme an vielen Festivals im In- und [&hellip;]<\/p>\n","protected":false},"author":2,"featured_media":361,"parent":702,"menu_order":0,"comment_status":"closed","ping_status":"closed","template":"page-people.php","meta":{"footnotes":""},"class_list":["post-2821","page","type-page","status-publish","has-post-thumbnail","hentry"],"yoast_head":"<!-- This site is optimized with the Yoast SEO plugin v27.4 - https:\/\/yoast.com\/product\/yoast-seo-wordpress\/ -->\n<title>Slobodan Mirkovic - Rolf W. Kunz<\/title>\n<meta name=\"description\" content=\"Slobodan Mirkovic war langj\u00e4hriger 1. Konzertmeister im Orchester der Oper Z\u00fcrich. Zahlreiche Auftritte als Solist und Kammermusiker erg\u00e4nzen seine\" \/>\n<meta name=\"robots\" content=\"index, follow, max-snippet:-1, max-image-preview:large, max-video-preview:-1\" \/>\n<link rel=\"canonical\" href=\"https:\/\/www.rolfwkunz.com\/de\/mein-team\/meine-partner\/slobodan-mirkovic\/\" \/>\n<meta property=\"og:locale\" content=\"de_DE\" \/>\n<meta property=\"og:type\" content=\"article\" \/>\n<meta property=\"og:title\" content=\"Slobodan Mirkovic - Rolf W. Kunz\" \/>\n<meta property=\"og:description\" content=\"Slobodan Mirkovic war langj\u00e4hriger 1. Konzertmeister im Orchester der Oper Z\u00fcrich. Zahlreiche Auftritte als Solist und Kammermusiker erg\u00e4nzen seine\" \/>\n<meta property=\"og:url\" content=\"https:\/\/www.rolfwkunz.com\/de\/mein-team\/meine-partner\/slobodan-mirkovic\/\" \/>\n<meta property=\"og:site_name\" content=\"Rolf W. Kunz\" \/>\n<meta property=\"article:publisher\" content=\"https:\/\/www.facebook.com\/piano.orchestra\/\" \/>\n<meta property=\"article:modified_time\" content=\"2022-02-28T16:47:44+00:00\" \/>\n<meta property=\"og:image\" content=\"https:\/\/www.rolfwkunz.com\/wp-content\/uploads\/slobodan-mirkovic-rolf-5.jpg\" \/>\n\t<meta property=\"og:image:width\" content=\"1024\" \/>\n\t<meta property=\"og:image:height\" content=\"683\" \/>\n\t<meta property=\"og:image:type\" content=\"image\/jpeg\" \/>\n<meta name=\"twitter:card\" content=\"summary_large_image\" \/>\n<meta name=\"twitter:label1\" content=\"Gesch\u00e4tzte Lesezeit\" \/>\n\t<meta name=\"twitter:data1\" content=\"2\u00a0Minuten\" \/>\n<script type=\"application\/ld+json\" class=\"yoast-schema-graph\">{\"@context\":\"https:\\\/\\\/schema.org\",\"@graph\":[{\"@type\":\"WebPage\",\"@id\":\"https:\\\/\\\/www.rolfwkunz.com\\\/de\\\/mein-team\\\/meine-partner\\\/slobodan-mirkovic\\\/\",\"url\":\"https:\\\/\\\/www.rolfwkunz.com\\\/de\\\/mein-team\\\/meine-partner\\\/slobodan-mirkovic\\\/\",\"name\":\"Slobodan Mirkovic - Rolf W. Kunz\",\"isPartOf\":{\"@id\":\"https:\\\/\\\/www.rolfwkunz.com\\\/de\\\/#website\"},\"primaryImageOfPage\":{\"@id\":\"https:\\\/\\\/www.rolfwkunz.com\\\/de\\\/mein-team\\\/meine-partner\\\/slobodan-mirkovic\\\/#primaryimage\"},\"image\":{\"@id\":\"https:\\\/\\\/www.rolfwkunz.com\\\/de\\\/mein-team\\\/meine-partner\\\/slobodan-mirkovic\\\/#primaryimage\"},\"thumbnailUrl\":\"https:\\\/\\\/www.rolfwkunz.com\\\/wp-content\\\/uploads\\\/slobodan-mirkovic-rolf-5.jpg\",\"datePublished\":\"2022-02-28T08:53:23+00:00\",\"dateModified\":\"2022-02-28T16:47:44+00:00\",\"description\":\"Slobodan Mirkovic war langj\u00e4hriger 1. Konzertmeister im Orchester der Oper Z\u00fcrich. Zahlreiche Auftritte als Solist und Kammermusiker erg\u00e4nzen seine\",\"breadcrumb\":{\"@id\":\"https:\\\/\\\/www.rolfwkunz.com\\\/de\\\/mein-team\\\/meine-partner\\\/slobodan-mirkovic\\\/#breadcrumb\"},\"inLanguage\":\"de\",\"potentialAction\":[{\"@type\":\"ReadAction\",\"target\":[\"https:\\\/\\\/www.rolfwkunz.com\\\/de\\\/mein-team\\\/meine-partner\\\/slobodan-mirkovic\\\/\"]}]},{\"@type\":\"ImageObject\",\"inLanguage\":\"de\",\"@id\":\"https:\\\/\\\/www.rolfwkunz.com\\\/de\\\/mein-team\\\/meine-partner\\\/slobodan-mirkovic\\\/#primaryimage\",\"url\":\"https:\\\/\\\/www.rolfwkunz.com\\\/wp-content\\\/uploads\\\/slobodan-mirkovic-rolf-5.jpg\",\"contentUrl\":\"https:\\\/\\\/www.rolfwkunz.com\\\/wp-content\\\/uploads\\\/slobodan-mirkovic-rolf-5.jpg\",\"width\":1024,\"height\":683,\"caption\":\"Slobodan Mirkovic - 2013\"},{\"@type\":\"BreadcrumbList\",\"@id\":\"https:\\\/\\\/www.rolfwkunz.com\\\/de\\\/mein-team\\\/meine-partner\\\/slobodan-mirkovic\\\/#breadcrumb\",\"itemListElement\":[{\"@type\":\"ListItem\",\"position\":1,\"name\":\"Rolf W. Kunz\",\"item\":\"https:\\\/\\\/www.rolfwkunz.com\\\/de\\\/\"},{\"@type\":\"ListItem\",\"position\":2,\"name\":\"Mein Team\",\"item\":\"https:\\\/\\\/www.rolfwkunz.com\\\/de\\\/mein-team\\\/\"},{\"@type\":\"ListItem\",\"position\":3,\"name\":\"Meine Partner\",\"item\":\"https:\\\/\\\/www.rolfwkunz.com\\\/de\\\/mein-team\\\/meine-partner\\\/\"},{\"@type\":\"ListItem\",\"position\":4,\"name\":\"Slobodan Mirkovic\"}]},{\"@type\":\"WebSite\",\"@id\":\"https:\\\/\\\/www.rolfwkunz.com\\\/de\\\/#website\",\"url\":\"https:\\\/\\\/www.rolfwkunz.com\\\/de\\\/\",\"name\":\"Rolf W. Kunz\",\"description\":\"Piano &amp; Orchestra\",\"potentialAction\":[{\"@type\":\"SearchAction\",\"target\":{\"@type\":\"EntryPoint\",\"urlTemplate\":\"https:\\\/\\\/www.rolfwkunz.com\\\/de\\\/?s={search_term_string}\"},\"query-input\":{\"@type\":\"PropertyValueSpecification\",\"valueRequired\":true,\"valueName\":\"search_term_string\"}}],\"inLanguage\":\"de\"}]}<\/script>\n<!-- \/ Yoast SEO plugin. -->","yoast_head_json":{"title":"Slobodan Mirkovic - Rolf W. Kunz","description":"Slobodan Mirkovic war langj\u00e4hriger 1. Konzertmeister im Orchester der Oper Z\u00fcrich. Zahlreiche Auftritte als Solist und Kammermusiker erg\u00e4nzen seine","robots":{"index":"index","follow":"follow","max-snippet":"max-snippet:-1","max-image-preview":"max-image-preview:large","max-video-preview":"max-video-preview:-1"},"canonical":"https:\/\/www.rolfwkunz.com\/de\/mein-team\/meine-partner\/slobodan-mirkovic\/","og_locale":"de_DE","og_type":"article","og_title":"Slobodan Mirkovic - Rolf W. Kunz","og_description":"Slobodan Mirkovic war langj\u00e4hriger 1. Konzertmeister im Orchester der Oper Z\u00fcrich. Zahlreiche Auftritte als Solist und Kammermusiker erg\u00e4nzen seine","og_url":"https:\/\/www.rolfwkunz.com\/de\/mein-team\/meine-partner\/slobodan-mirkovic\/","og_site_name":"Rolf W. Kunz","article_publisher":"https:\/\/www.facebook.com\/piano.orchestra\/","article_modified_time":"2022-02-28T16:47:44+00:00","og_image":[{"width":1024,"height":683,"url":"https:\/\/www.rolfwkunz.com\/wp-content\/uploads\/slobodan-mirkovic-rolf-5.jpg","type":"image\/jpeg"}],"twitter_card":"summary_large_image","twitter_misc":{"Gesch\u00e4tzte Lesezeit":"2\u00a0Minuten"},"schema":{"@context":"https:\/\/schema.org","@graph":[{"@type":"WebPage","@id":"https:\/\/www.rolfwkunz.com\/de\/mein-team\/meine-partner\/slobodan-mirkovic\/","url":"https:\/\/www.rolfwkunz.com\/de\/mein-team\/meine-partner\/slobodan-mirkovic\/","name":"Slobodan Mirkovic - Rolf W. Kunz","isPartOf":{"@id":"https:\/\/www.rolfwkunz.com\/de\/#website"},"primaryImageOfPage":{"@id":"https:\/\/www.rolfwkunz.com\/de\/mein-team\/meine-partner\/slobodan-mirkovic\/#primaryimage"},"image":{"@id":"https:\/\/www.rolfwkunz.com\/de\/mein-team\/meine-partner\/slobodan-mirkovic\/#primaryimage"},"thumbnailUrl":"https:\/\/www.rolfwkunz.com\/wp-content\/uploads\/slobodan-mirkovic-rolf-5.jpg","datePublished":"2022-02-28T08:53:23+00:00","dateModified":"2022-02-28T16:47:44+00:00","description":"Slobodan Mirkovic war langj\u00e4hriger 1. Konzertmeister im Orchester der Oper Z\u00fcrich. Zahlreiche Auftritte als Solist und Kammermusiker erg\u00e4nzen seine","breadcrumb":{"@id":"https:\/\/www.rolfwkunz.com\/de\/mein-team\/meine-partner\/slobodan-mirkovic\/#breadcrumb"},"inLanguage":"de","potentialAction":[{"@type":"ReadAction","target":["https:\/\/www.rolfwkunz.com\/de\/mein-team\/meine-partner\/slobodan-mirkovic\/"]}]},{"@type":"ImageObject","inLanguage":"de","@id":"https:\/\/www.rolfwkunz.com\/de\/mein-team\/meine-partner\/slobodan-mirkovic\/#primaryimage","url":"https:\/\/www.rolfwkunz.com\/wp-content\/uploads\/slobodan-mirkovic-rolf-5.jpg","contentUrl":"https:\/\/www.rolfwkunz.com\/wp-content\/uploads\/slobodan-mirkovic-rolf-5.jpg","width":1024,"height":683,"caption":"Slobodan Mirkovic - 2013"},{"@type":"BreadcrumbList","@id":"https:\/\/www.rolfwkunz.com\/de\/mein-team\/meine-partner\/slobodan-mirkovic\/#breadcrumb","itemListElement":[{"@type":"ListItem","position":1,"name":"Rolf W. Kunz","item":"https:\/\/www.rolfwkunz.com\/de\/"},{"@type":"ListItem","position":2,"name":"Mein Team","item":"https:\/\/www.rolfwkunz.com\/de\/mein-team\/"},{"@type":"ListItem","position":3,"name":"Meine Partner","item":"https:\/\/www.rolfwkunz.com\/de\/mein-team\/meine-partner\/"},{"@type":"ListItem","position":4,"name":"Slobodan Mirkovic"}]},{"@type":"WebSite","@id":"https:\/\/www.rolfwkunz.com\/de\/#website","url":"https:\/\/www.rolfwkunz.com\/de\/","name":"Rolf W. Kunz","description":"Piano &amp; Orchestra","potentialAction":[{"@type":"SearchAction","target":{"@type":"EntryPoint","urlTemplate":"https:\/\/www.rolfwkunz.com\/de\/?s={search_term_string}"},"query-input":{"@type":"PropertyValueSpecification","valueRequired":true,"valueName":"search_term_string"}}],"inLanguage":"de"}]}},"_links":{"self":[{"href":"https:\/\/www.rolfwkunz.com\/de\/wp-json\/wp\/v2\/pages\/2821","targetHints":{"allow":["GET"]}}],"collection":[{"href":"https:\/\/www.rolfwkunz.com\/de\/wp-json\/wp\/v2\/pages"}],"about":[{"href":"https:\/\/www.rolfwkunz.com\/de\/wp-json\/wp\/v2\/types\/page"}],"author":[{"embeddable":true,"href":"https:\/\/www.rolfwkunz.com\/de\/wp-json\/wp\/v2\/users\/2"}],"replies":[{"embeddable":true,"href":"https:\/\/www.rolfwkunz.com\/de\/wp-json\/wp\/v2\/comments?post=2821"}],"version-history":[{"count":7,"href":"https:\/\/www.rolfwkunz.com\/de\/wp-json\/wp\/v2\/pages\/2821\/revisions"}],"predecessor-version":[{"id":2896,"href":"https:\/\/www.rolfwkunz.com\/de\/wp-json\/wp\/v2\/pages\/2821\/revisions\/2896"}],"up":[{"embeddable":true,"href":"https:\/\/www.rolfwkunz.com\/de\/wp-json\/wp\/v2\/pages\/702"}],"wp:featuredmedia":[{"embeddable":true,"href":"https:\/\/www.rolfwkunz.com\/de\/wp-json\/wp\/v2\/media\/361"}],"wp:attachment":[{"href":"https:\/\/www.rolfwkunz.com\/de\/wp-json\/wp\/v2\/media?parent=2821"}],"curies":[{"name":"wp","href":"https:\/\/api.w.org\/{rel}","templated":true}]}}