{"id":622,"date":"2016-09-05T08:56:40","date_gmt":"2016-09-05T06:56:40","guid":{"rendered":"http:\/\/www.rolfwkunz.com\/de\/?page_id=622"},"modified":"2022-01-20T10:11:48","modified_gmt":"2022-01-20T09:11:48","slug":"alex-eugster","status":"publish","type":"page","link":"https:\/\/www.rolfwkunz.com\/de\/mein-team\/alex-eugster\/","title":{"rendered":"Alex Eugster"},"content":{"rendered":"\n<p>Alex ist der musikalische Kopf des in den 70- er, 80- er und 90- er Jahren in der Schweiz ber\u00fchmten Unterhaltungsmusik- Gesangs-Trios \u201eTRIO&nbsp; EUGSTER\u201c. Alex ist als konservatorisch bestens ausgebildeter S\u00e4nger auch selber Komponist vieler grosser \u201eTrio Eugster\u201c-Hits und anderen sehr bekannten Schweizer Musik- und S\u00e4ngergr\u00f6ssen. Seit vielen Jahren ist Alex auch ein beliebter und erfolgreicher Musik-Produzent mit einem eigenen, kleinen Musik-Studio in der Schweiz, CH-RECORDS, &nbsp;&nbsp;CH \u2013 8600 D\u00fcbendorf, welches er stets auf dem modernsten technischen Stand h\u00e4lt.<\/p>\n\n\n\n<p>Alex Eugster und ich arbeiten seit dem Jahr 1995 intensiv zusammen. Alle meine Musikaufnahmen am Klavier erfolgen seit meiner 3. CD, namens: \u201ePIANO FOR LOVERS\u201c bei ihm, in seinem Studio. Er ist, wie auch <a href=\"https:\/\/www.rolfwkunz.com\/de\/mein-team\/claus-dieter-zimmer\/\">Claus-Dieter Zimmer<\/a>, meinem musikalischen Arrangeur f\u00fcr Orchester, ebenfalls zu einem echten Freund und meinem musikalischen Berater geworden. In seinem Musikstudio f\u00fchle ich mich immer wohl, weiss Alex Eugster doch stets mit viel Einf\u00fchlungsverm\u00f6gen, mein m\u00f6glich aufkommendes Lampenfieber bei schwierigen Klavierpassagen gar nicht erst aufkommen zu lassen.<\/p>\n\n\n\n<figure class=\"wp-block-gallery columns-3 is-cropped wp-block-gallery-1 is-layout-flex wp-block-gallery-is-layout-flex\"><ul class=\"blocks-gallery-grid\"><li class=\"blocks-gallery-item\"><figure><img loading=\"lazy\" decoding=\"async\" width=\"1024\" height=\"538\" src=\"https:\/\/www.rolfwkunz.com\/wp-content\/uploads\/recording-alex-eugster-1-1024x538.png\" alt=\"Aufnahmen mit Alex Eugster\" data-id=\"1780\" data-full-url=\"https:\/\/www.rolfwkunz.com\/wp-content\/uploads\/recording-alex-eugster-1.png\" data-link=\"https:\/\/www.rolfwkunz.com\/de\/einspielung-eines-neuen-musiktitels-im-musikstudio-alex-eugster-duebendorf\/recording-alex-eugster-2\/\" class=\"wp-image-1780\" srcset=\"https:\/\/www.rolfwkunz.com\/wp-content\/uploads\/recording-alex-eugster-1-1024x538.png 1024w, https:\/\/www.rolfwkunz.com\/wp-content\/uploads\/recording-alex-eugster-1-350x184.png 350w, https:\/\/www.rolfwkunz.com\/wp-content\/uploads\/recording-alex-eugster-1-768x403.png 768w, https:\/\/www.rolfwkunz.com\/wp-content\/uploads\/recording-alex-eugster-1.png 1200w\" sizes=\"auto, (max-width: 1024px) 100vw, 1024px\" \/><figcaption class=\"blocks-gallery-item__caption\">Aufnahmen mit Alex Eugster (2020)<\/figcaption><\/figure><\/li><li class=\"blocks-gallery-item\"><figure><img loading=\"lazy\" decoding=\"async\" width=\"1024\" height=\"768\" src=\"https:\/\/www.rolfwkunz.com\/wp-content\/uploads\/rolf27.09.2019-1024x768.jpg\" alt=\"Alex Eugster und Rolf W. Kunz (2019)\" data-id=\"1682\" data-full-url=\"https:\/\/www.rolfwkunz.com\/wp-content\/uploads\/rolf27.09.2019.jpg\" data-link=\"https:\/\/www.rolfwkunz.com\/de\/einspielung-eines-neuen-musiktitels\/rolf27-09-2019\/\" class=\"wp-image-1682\" srcset=\"https:\/\/www.rolfwkunz.com\/wp-content\/uploads\/rolf27.09.2019-1024x768.jpg 1024w, https:\/\/www.rolfwkunz.com\/wp-content\/uploads\/rolf27.09.2019-350x263.jpg 350w, https:\/\/www.rolfwkunz.com\/wp-content\/uploads\/rolf27.09.2019-768x576.jpg 768w, https:\/\/www.rolfwkunz.com\/wp-content\/uploads\/rolf27.09.2019.jpg 1280w\" sizes=\"auto, (max-width: 1024px) 100vw, 1024px\" \/><figcaption class=\"blocks-gallery-item__caption\">Alex Eugster und Rolf W. Kunz (2019)<\/figcaption><\/figure><\/li><li class=\"blocks-gallery-item\"><figure><img loading=\"lazy\" decoding=\"async\" width=\"1024\" height=\"683\" src=\"https:\/\/www.rolfwkunz.com\/wp-content\/uploads\/alex-rolf-im-studio-spurbearbeitung-1024x683.jpg\" alt=\"Alex Eugster mit Rolf (2015)\" data-id=\"137\" data-full-url=\"https:\/\/www.rolfwkunz.com\/wp-content\/uploads\/alex-rolf-im-studio-spurbearbeitung.jpg\" data-link=\"https:\/\/www.rolfwkunz.com\/de\/mein-team\/alex-eugster\/alex-rolf-im-studio-spurbearbeitung-2-2\/\" class=\"wp-image-137\" srcset=\"https:\/\/www.rolfwkunz.com\/wp-content\/uploads\/alex-rolf-im-studio-spurbearbeitung.jpg 1024w, https:\/\/www.rolfwkunz.com\/wp-content\/uploads\/alex-rolf-im-studio-spurbearbeitung-350x233.jpg 350w, https:\/\/www.rolfwkunz.com\/wp-content\/uploads\/alex-rolf-im-studio-spurbearbeitung-768x512.jpg 768w\" sizes=\"auto, (max-width: 1024px) 100vw, 1024px\" \/><figcaption class=\"blocks-gallery-item__caption\">Alex Eugster mit Rolf (2015)<\/figcaption><\/figure><\/li><li class=\"blocks-gallery-item\"><figure><img loading=\"lazy\" decoding=\"async\" width=\"1024\" height=\"683\" src=\"https:\/\/www.rolfwkunz.com\/wp-content\/uploads\/alex-rolf-im-studio-aufnahme-1024x683.jpg\" alt=\"Alex Eugster mit Rolf (2015)\" data-id=\"131\" data-full-url=\"https:\/\/www.rolfwkunz.com\/wp-content\/uploads\/alex-rolf-im-studio-aufnahme.jpg\" data-link=\"https:\/\/www.rolfwkunz.com\/de\/mein-team\/alex-eugster\/alex-rolf-im-studio-aufnahme-2-2\/\" class=\"wp-image-131\" srcset=\"https:\/\/www.rolfwkunz.com\/wp-content\/uploads\/alex-rolf-im-studio-aufnahme.jpg 1024w, https:\/\/www.rolfwkunz.com\/wp-content\/uploads\/alex-rolf-im-studio-aufnahme-350x233.jpg 350w, https:\/\/www.rolfwkunz.com\/wp-content\/uploads\/alex-rolf-im-studio-aufnahme-768x512.jpg 768w\" sizes=\"auto, (max-width: 1024px) 100vw, 1024px\" \/><figcaption class=\"blocks-gallery-item__caption\">Alex Eugster mit Rolf (2015)<\/figcaption><\/figure><\/li><li class=\"blocks-gallery-item\"><figure><img loading=\"lazy\" decoding=\"async\" width=\"1024\" height=\"683\" src=\"https:\/\/www.rolfwkunz.com\/wp-content\/uploads\/alex-rolf-im-studio-1024x683.jpg\" alt=\"Alex Eugster mit Rolf (2015)\" data-id=\"128\" data-full-url=\"https:\/\/www.rolfwkunz.com\/wp-content\/uploads\/alex-rolf-im-studio.jpg\" data-link=\"https:\/\/www.rolfwkunz.com\/de\/mein-team\/alex-eugster\/alex-rolf-im-studio-2-2\/\" class=\"wp-image-128\" srcset=\"https:\/\/www.rolfwkunz.com\/wp-content\/uploads\/alex-rolf-im-studio.jpg 1024w, https:\/\/www.rolfwkunz.com\/wp-content\/uploads\/alex-rolf-im-studio-350x233.jpg 350w, https:\/\/www.rolfwkunz.com\/wp-content\/uploads\/alex-rolf-im-studio-768x512.jpg 768w\" sizes=\"auto, (max-width: 1024px) 100vw, 1024px\" \/><figcaption class=\"blocks-gallery-item__caption\">Alex Eugster mit Rolf (2015)<\/figcaption><\/figure><\/li><li class=\"blocks-gallery-item\"><figure><img loading=\"lazy\" decoding=\"async\" width=\"1024\" height=\"683\" src=\"https:\/\/www.rolfwkunz.com\/wp-content\/uploads\/alex-rolf-im-studio-verarbeitung-1024x683.jpg\" alt=\"Alex Eugster mit Rolf (2015)\" data-id=\"125\" data-full-url=\"https:\/\/www.rolfwkunz.com\/wp-content\/uploads\/alex-rolf-im-studio-verarbeitung.jpg\" data-link=\"https:\/\/www.rolfwkunz.com\/de\/mein-team\/alex-eugster\/alex-rolf-im-studio-verarbeitung-2-2\/\" class=\"wp-image-125\" srcset=\"https:\/\/www.rolfwkunz.com\/wp-content\/uploads\/alex-rolf-im-studio-verarbeitung.jpg 1024w, https:\/\/www.rolfwkunz.com\/wp-content\/uploads\/alex-rolf-im-studio-verarbeitung-350x233.jpg 350w, https:\/\/www.rolfwkunz.com\/wp-content\/uploads\/alex-rolf-im-studio-verarbeitung-768x512.jpg 768w\" sizes=\"auto, (max-width: 1024px) 100vw, 1024px\" \/><figcaption class=\"blocks-gallery-item__caption\">Alex Eugster mit Rolf (2015)<\/figcaption><\/figure><\/li><\/ul><\/figure>\n\n\n\n<h2 class=\"wp-block-heading\">Beitr\u00e4ge mit Alex Eugster<\/h2>\n\n\n\n<div class=\"wp-block-query is-layout-flow wp-block-query-is-layout-flow\"><ul class=\"is-flex-container columns-3 wp-block-post-template is-layout-flow wp-block-post-template-is-layout-flow\"><li class=\"wp-block-post post-2209 post type-post status-publish format-standard has-post-thumbnail hentry category-neuigkeiten tag-adam-taubitz-de tag-alex-eugster-de\">\n<div class=\"wp-block-post-date\"><time datetime=\"2021-05-09T18:00:33+02:00\">9. Mai 2021<\/time><\/div>\n\n<h3 class=\"wp-block-post-title\">Geigenaufnahme mit Adam Taubitz im Mai 2021<\/h3>\n\n<div class=\"wp-block-post-excerpt\"><p class=\"wp-block-post-excerpt__excerpt\">Die letzte Solo-Geigenaufnahme vom Weltgeiger Adam Taubitz f\u00fcr das neue Album Vol. 8, am 9. Mai 2021.<\/p><p class=\"wp-block-post-excerpt__more-text\"><a class=\"wp-block-post-excerpt__more-link\" href=\"https:\/\/www.rolfwkunz.com\/de\/geigenaufnahme-mit-adam-taubitz-im-mai-2021\/\">Mehr lesen<\/a><\/p><\/div>\n<\/li><li class=\"wp-block-post post-2154 post type-post status-publish format-standard has-post-thumbnail hentry category-neuigkeiten tag-adam-taubitz-de tag-alex-eugster-de\">\n<div class=\"wp-block-post-date\"><time datetime=\"2020-07-12T11:51:00+02:00\">12. Juli 2020<\/time><\/div>\n\n<h3 class=\"wp-block-post-title\">Geigenaufnahme mit Adam Taubitz im Juli 2020<\/h3>\n\n<div class=\"wp-block-post-excerpt\"><p class=\"wp-block-post-excerpt__excerpt\">Geigenaufnahme mit Adam Taubitz vom 12. Juli 2020, f\u00fcr das neue Album, Vol. 8, von Rolf W. Kunz.<\/p><p class=\"wp-block-post-excerpt__more-text\"><a class=\"wp-block-post-excerpt__more-link\" href=\"https:\/\/www.rolfwkunz.com\/de\/geigenaufnahme-mit-adam-taubitz-im-juli-2020\/\">Mehr lesen<\/a><\/p><\/div>\n<\/li><li class=\"wp-block-post post-1762 post type-post status-publish format-standard has-post-thumbnail hentry category-neuigkeiten tag-alex-eugster-de\">\n<div class=\"wp-block-post-date\"><time datetime=\"2020-01-03T17:24:00+01:00\">3. Januar 2020<\/time><\/div>\n\n<h3 class=\"wp-block-post-title\">Einspielung eines neuen Musiktitels, im Musikstudio Alex Eugster, D\u00fcbendorf<\/h3>\n\n<div class=\"wp-block-post-excerpt\"><p class=\"wp-block-post-excerpt__excerpt\">Alex Eugster und Rolf W. Kunz, im Musikstudio A. Eugster, D\u00fcbendorf ! Einspielung eines neuen Musiktitels am \u201e03. Januar 2020\u201c<\/p><p class=\"wp-block-post-excerpt__more-text\"><a class=\"wp-block-post-excerpt__more-link\" href=\"https:\/\/www.rolfwkunz.com\/de\/einspielung-eines-neuen-musiktitels-im-musikstudio-alex-eugster-duebendorf\/\">Mehr lesen<\/a><\/p><\/div>\n<\/li><li class=\"wp-block-post post-1643 post type-post status-publish format-standard has-post-thumbnail hentry category-neuigkeiten tag-alex-eugster-de\">\n<div class=\"wp-block-post-date\"><time datetime=\"2019-05-19T11:05:44+02:00\">19. Mai 2019<\/time><\/div>\n\n<h3 class=\"wp-block-post-title\">Celloaufnahme mit Luzius Gartmann<\/h3>\n\n<div class=\"wp-block-post-excerpt\"><p class=\"wp-block-post-excerpt__excerpt\">Cello-Aufnahme mit Luzius Gartmann am\u00a019. Mai,\u00a02019, f\u00fcr das neue Album, VOL. 8, von Rolf W. Kunz.<\/p><p class=\"wp-block-post-excerpt__more-text\"><a class=\"wp-block-post-excerpt__more-link\" href=\"https:\/\/www.rolfwkunz.com\/de\/cello-recording-luzius-gartmann\/\">Mehr lesen<\/a><\/p><\/div>\n<\/li><li class=\"wp-block-post post-1585 post type-post status-publish format-standard has-post-thumbnail hentry category-neuigkeiten tag-adam-taubitz-de tag-alex-eugster-de\">\n<div class=\"wp-block-post-date\"><time datetime=\"2019-02-24T10:51:00+01:00\">24. Februar 2019<\/time><\/div>\n\n<h3 class=\"wp-block-post-title\">Geigenaufnahme mit Adam Taubitz im Februar 2019<\/h3>\n\n<div class=\"wp-block-post-excerpt\"><p class=\"wp-block-post-excerpt__excerpt\">Geigenaufnahme mit Adam Taubitz vom 24. Februar 2019 f\u00fcr das neue Album VOL. 8, von Rolf W. Kunz.<\/p><p class=\"wp-block-post-excerpt__more-text\"><a class=\"wp-block-post-excerpt__more-link\" href=\"https:\/\/www.rolfwkunz.com\/de\/geigenaufnahme-mit-adam-taubitz\/\">Mehr lesen<\/a><\/p><\/div>\n<\/li><li class=\"wp-block-post post-1366 post type-post status-publish format-standard has-post-thumbnail hentry category-neuigkeiten tag-alex-eugster-de\">\n<div class=\"wp-block-post-date\"><time datetime=\"2017-11-10T11:04:58+01:00\">10. November 2017<\/time><\/div>\n\n<h3 class=\"wp-block-post-title\">Cello Aufnahmen zu meinem n\u00e4chsten Musikalbum, Vol. 8.<\/h3>\n\n<div class=\"wp-block-post-excerpt\"><p class=\"wp-block-post-excerpt__excerpt\">Fotos von den Aufnahmen.<\/p><p class=\"wp-block-post-excerpt__more-text\"><a class=\"wp-block-post-excerpt__more-link\" href=\"https:\/\/www.rolfwkunz.com\/de\/cello-aufnahmen-zu-meinem-naechsten-musikalbum-vol-8\/\">Mehr lesen<\/a><\/p><\/div>\n<\/li><\/ul><\/div>\n","protected":false},"excerpt":{"rendered":"<p>Alex ist der musikalische Kopf des in den 70- er, 80- er und 90- er Jahren in der Schweiz ber\u00fchmten Unterhaltungsmusik- Gesangs-Trios \u201eTRIO&nbsp; EUGSTER\u201c. Alex ist als konservatorisch bestens ausgebildeter S\u00e4nger auch selber Komponist vieler grosser \u201eTrio Eugster\u201c-Hits und anderen sehr bekannten Schweizer Musik- und S\u00e4ngergr\u00f6ssen. Seit vielen Jahren ist Alex auch ein beliebter und [&hellip;]<\/p>\n","protected":false},"author":1,"featured_media":83,"parent":624,"menu_order":1,"comment_status":"closed","ping_status":"closed","template":"page-people.php","meta":{"footnotes":""},"class_list":["post-622","page","type-page","status-publish","has-post-thumbnail","hentry"],"yoast_head":"<!-- This site is optimized with the Yoast SEO plugin v27.4 - https:\/\/yoast.com\/product\/yoast-seo-wordpress\/ -->\n<title>Alex Eugster - Rolf W. Kunz<\/title>\n<meta name=\"description\" content=\"Alex ist der musikalische Kopf des in den 70- er, 80- er und 90- er Jahren in der Schweiz ber\u00fchmten Unterhaltungsmusik- Gesangs-Trios \u201eTRIO\u00a0 EUGSTER\u201c.\" \/>\n<meta name=\"robots\" content=\"index, follow, max-snippet:-1, max-image-preview:large, max-video-preview:-1\" \/>\n<link rel=\"canonical\" href=\"https:\/\/www.rolfwkunz.com\/de\/mein-team\/alex-eugster\/\" \/>\n<meta property=\"og:locale\" content=\"de_DE\" \/>\n<meta property=\"og:type\" content=\"article\" \/>\n<meta property=\"og:title\" content=\"Alex Eugster - Rolf W. Kunz\" \/>\n<meta property=\"og:description\" content=\"Alex ist der musikalische Kopf des in den 70- er, 80- er und 90- er Jahren in der Schweiz ber\u00fchmten Unterhaltungsmusik- Gesangs-Trios \u201eTRIO\u00a0 EUGSTER\u201c.\" \/>\n<meta property=\"og:url\" content=\"https:\/\/www.rolfwkunz.com\/de\/mein-team\/alex-eugster\/\" \/>\n<meta property=\"og:site_name\" content=\"Rolf W. Kunz\" \/>\n<meta property=\"article:publisher\" content=\"https:\/\/www.facebook.com\/piano.orchestra\/\" \/>\n<meta property=\"article:modified_time\" content=\"2022-01-20T09:11:48+00:00\" \/>\n<meta property=\"og:image\" content=\"https:\/\/www.rolfwkunz.com\/wp-content\/uploads\/alex-eugster.jpg\" \/>\n\t<meta property=\"og:image:width\" content=\"800\" \/>\n\t<meta property=\"og:image:height\" content=\"642\" \/>\n\t<meta property=\"og:image:type\" content=\"image\/jpeg\" \/>\n<meta name=\"twitter:card\" content=\"summary_large_image\" \/>\n<meta name=\"twitter:label1\" content=\"Gesch\u00e4tzte Lesezeit\" \/>\n\t<meta name=\"twitter:data1\" content=\"3\u00a0Minuten\" \/>\n<script type=\"application\/ld+json\" class=\"yoast-schema-graph\">{\"@context\":\"https:\\\/\\\/schema.org\",\"@graph\":[{\"@type\":\"WebPage\",\"@id\":\"https:\\\/\\\/www.rolfwkunz.com\\\/de\\\/mein-team\\\/alex-eugster\\\/\",\"url\":\"https:\\\/\\\/www.rolfwkunz.com\\\/de\\\/mein-team\\\/alex-eugster\\\/\",\"name\":\"Alex Eugster - Rolf W. Kunz\",\"isPartOf\":{\"@id\":\"https:\\\/\\\/www.rolfwkunz.com\\\/de\\\/#website\"},\"primaryImageOfPage\":{\"@id\":\"https:\\\/\\\/www.rolfwkunz.com\\\/de\\\/mein-team\\\/alex-eugster\\\/#primaryimage\"},\"image\":{\"@id\":\"https:\\\/\\\/www.rolfwkunz.com\\\/de\\\/mein-team\\\/alex-eugster\\\/#primaryimage\"},\"thumbnailUrl\":\"https:\\\/\\\/www.rolfwkunz.com\\\/wp-content\\\/uploads\\\/alex-eugster.jpg\",\"datePublished\":\"2016-09-05T06:56:40+00:00\",\"dateModified\":\"2022-01-20T09:11:48+00:00\",\"description\":\"Alex ist der musikalische Kopf des in den 70- er, 80- er und 90- er Jahren in der Schweiz ber\u00fchmten Unterhaltungsmusik- Gesangs-Trios \u201eTRIO\u00a0 EUGSTER\u201c.\",\"breadcrumb\":{\"@id\":\"https:\\\/\\\/www.rolfwkunz.com\\\/de\\\/mein-team\\\/alex-eugster\\\/#breadcrumb\"},\"inLanguage\":\"de\",\"potentialAction\":[{\"@type\":\"ReadAction\",\"target\":[\"https:\\\/\\\/www.rolfwkunz.com\\\/de\\\/mein-team\\\/alex-eugster\\\/\"]}]},{\"@type\":\"ImageObject\",\"inLanguage\":\"de\",\"@id\":\"https:\\\/\\\/www.rolfwkunz.com\\\/de\\\/mein-team\\\/alex-eugster\\\/#primaryimage\",\"url\":\"https:\\\/\\\/www.rolfwkunz.com\\\/wp-content\\\/uploads\\\/alex-eugster.jpg\",\"contentUrl\":\"https:\\\/\\\/www.rolfwkunz.com\\\/wp-content\\\/uploads\\\/alex-eugster.jpg\",\"width\":800,\"height\":642,\"caption\":\"Alex Eugster (2015)\"},{\"@type\":\"BreadcrumbList\",\"@id\":\"https:\\\/\\\/www.rolfwkunz.com\\\/de\\\/mein-team\\\/alex-eugster\\\/#breadcrumb\",\"itemListElement\":[{\"@type\":\"ListItem\",\"position\":1,\"name\":\"Rolf W. Kunz\",\"item\":\"https:\\\/\\\/www.rolfwkunz.com\\\/de\\\/\"},{\"@type\":\"ListItem\",\"position\":2,\"name\":\"Mein Team\",\"item\":\"https:\\\/\\\/www.rolfwkunz.com\\\/de\\\/mein-team\\\/\"},{\"@type\":\"ListItem\",\"position\":3,\"name\":\"Alex Eugster\"}]},{\"@type\":\"WebSite\",\"@id\":\"https:\\\/\\\/www.rolfwkunz.com\\\/de\\\/#website\",\"url\":\"https:\\\/\\\/www.rolfwkunz.com\\\/de\\\/\",\"name\":\"Rolf W. Kunz\",\"description\":\"Piano &amp; Orchestra\",\"potentialAction\":[{\"@type\":\"SearchAction\",\"target\":{\"@type\":\"EntryPoint\",\"urlTemplate\":\"https:\\\/\\\/www.rolfwkunz.com\\\/de\\\/?s={search_term_string}\"},\"query-input\":{\"@type\":\"PropertyValueSpecification\",\"valueRequired\":true,\"valueName\":\"search_term_string\"}}],\"inLanguage\":\"de\"}]}<\/script>\n<!-- \/ Yoast SEO plugin. -->","yoast_head_json":{"title":"Alex Eugster - Rolf W. Kunz","description":"Alex ist der musikalische Kopf des in den 70- er, 80- er und 90- er Jahren in der Schweiz ber\u00fchmten Unterhaltungsmusik- Gesangs-Trios \u201eTRIO\u00a0 EUGSTER\u201c.","robots":{"index":"index","follow":"follow","max-snippet":"max-snippet:-1","max-image-preview":"max-image-preview:large","max-video-preview":"max-video-preview:-1"},"canonical":"https:\/\/www.rolfwkunz.com\/de\/mein-team\/alex-eugster\/","og_locale":"de_DE","og_type":"article","og_title":"Alex Eugster - Rolf W. Kunz","og_description":"Alex ist der musikalische Kopf des in den 70- er, 80- er und 90- er Jahren in der Schweiz ber\u00fchmten Unterhaltungsmusik- Gesangs-Trios \u201eTRIO\u00a0 EUGSTER\u201c.","og_url":"https:\/\/www.rolfwkunz.com\/de\/mein-team\/alex-eugster\/","og_site_name":"Rolf W. Kunz","article_publisher":"https:\/\/www.facebook.com\/piano.orchestra\/","article_modified_time":"2022-01-20T09:11:48+00:00","og_image":[{"width":800,"height":642,"url":"https:\/\/www.rolfwkunz.com\/wp-content\/uploads\/alex-eugster.jpg","type":"image\/jpeg"}],"twitter_card":"summary_large_image","twitter_misc":{"Gesch\u00e4tzte Lesezeit":"3\u00a0Minuten"},"schema":{"@context":"https:\/\/schema.org","@graph":[{"@type":"WebPage","@id":"https:\/\/www.rolfwkunz.com\/de\/mein-team\/alex-eugster\/","url":"https:\/\/www.rolfwkunz.com\/de\/mein-team\/alex-eugster\/","name":"Alex Eugster - Rolf W. Kunz","isPartOf":{"@id":"https:\/\/www.rolfwkunz.com\/de\/#website"},"primaryImageOfPage":{"@id":"https:\/\/www.rolfwkunz.com\/de\/mein-team\/alex-eugster\/#primaryimage"},"image":{"@id":"https:\/\/www.rolfwkunz.com\/de\/mein-team\/alex-eugster\/#primaryimage"},"thumbnailUrl":"https:\/\/www.rolfwkunz.com\/wp-content\/uploads\/alex-eugster.jpg","datePublished":"2016-09-05T06:56:40+00:00","dateModified":"2022-01-20T09:11:48+00:00","description":"Alex ist der musikalische Kopf des in den 70- er, 80- er und 90- er Jahren in der Schweiz ber\u00fchmten Unterhaltungsmusik- Gesangs-Trios \u201eTRIO\u00a0 EUGSTER\u201c.","breadcrumb":{"@id":"https:\/\/www.rolfwkunz.com\/de\/mein-team\/alex-eugster\/#breadcrumb"},"inLanguage":"de","potentialAction":[{"@type":"ReadAction","target":["https:\/\/www.rolfwkunz.com\/de\/mein-team\/alex-eugster\/"]}]},{"@type":"ImageObject","inLanguage":"de","@id":"https:\/\/www.rolfwkunz.com\/de\/mein-team\/alex-eugster\/#primaryimage","url":"https:\/\/www.rolfwkunz.com\/wp-content\/uploads\/alex-eugster.jpg","contentUrl":"https:\/\/www.rolfwkunz.com\/wp-content\/uploads\/alex-eugster.jpg","width":800,"height":642,"caption":"Alex Eugster (2015)"},{"@type":"BreadcrumbList","@id":"https:\/\/www.rolfwkunz.com\/de\/mein-team\/alex-eugster\/#breadcrumb","itemListElement":[{"@type":"ListItem","position":1,"name":"Rolf W. Kunz","item":"https:\/\/www.rolfwkunz.com\/de\/"},{"@type":"ListItem","position":2,"name":"Mein Team","item":"https:\/\/www.rolfwkunz.com\/de\/mein-team\/"},{"@type":"ListItem","position":3,"name":"Alex Eugster"}]},{"@type":"WebSite","@id":"https:\/\/www.rolfwkunz.com\/de\/#website","url":"https:\/\/www.rolfwkunz.com\/de\/","name":"Rolf W. Kunz","description":"Piano &amp; Orchestra","potentialAction":[{"@type":"SearchAction","target":{"@type":"EntryPoint","urlTemplate":"https:\/\/www.rolfwkunz.com\/de\/?s={search_term_string}"},"query-input":{"@type":"PropertyValueSpecification","valueRequired":true,"valueName":"search_term_string"}}],"inLanguage":"de"}]}},"_links":{"self":[{"href":"https:\/\/www.rolfwkunz.com\/de\/wp-json\/wp\/v2\/pages\/622","targetHints":{"allow":["GET"]}}],"collection":[{"href":"https:\/\/www.rolfwkunz.com\/de\/wp-json\/wp\/v2\/pages"}],"about":[{"href":"https:\/\/www.rolfwkunz.com\/de\/wp-json\/wp\/v2\/types\/page"}],"author":[{"embeddable":true,"href":"https:\/\/www.rolfwkunz.com\/de\/wp-json\/wp\/v2\/users\/1"}],"replies":[{"embeddable":true,"href":"https:\/\/www.rolfwkunz.com\/de\/wp-json\/wp\/v2\/comments?post=622"}],"version-history":[{"count":13,"href":"https:\/\/www.rolfwkunz.com\/de\/wp-json\/wp\/v2\/pages\/622\/revisions"}],"predecessor-version":[{"id":2731,"href":"https:\/\/www.rolfwkunz.com\/de\/wp-json\/wp\/v2\/pages\/622\/revisions\/2731"}],"up":[{"embeddable":true,"href":"https:\/\/www.rolfwkunz.com\/de\/wp-json\/wp\/v2\/pages\/624"}],"wp:featuredmedia":[{"embeddable":true,"href":"https:\/\/www.rolfwkunz.com\/de\/wp-json\/wp\/v2\/media\/83"}],"wp:attachment":[{"href":"https:\/\/www.rolfwkunz.com\/de\/wp-json\/wp\/v2\/media?parent=622"}],"curies":[{"name":"wp","href":"https:\/\/api.w.org\/{rel}","templated":true}]}}