{"id":630,"date":"2016-09-05T09:10:45","date_gmt":"2016-09-05T07:10:45","guid":{"rendered":"http:\/\/www.rolfwkunz.com\/de\/?page_id=630"},"modified":"2023-12-21T14:56:17","modified_gmt":"2023-12-21T13:56:17","slug":"claus-dieter-zimmer","status":"publish","type":"page","link":"https:\/\/www.rolfwkunz.com\/de\/mein-team\/claus-dieter-zimmer\/","title":{"rendered":"Claus-Dieter Zimmer"},"content":{"rendered":"\n<p>Claus-Dieter Zimmer ist f\u00fcr mich und meine Musik der klare Nachfolger meines Onkels, <a href=\"https:\/\/www.rolfwkunz.com\/de\/mein-team\/erwin-ernst-kunz\/\">Erwin Ernst Kunz<\/a>.<\/p>\n\n\n\n<p>Claus-Dieter und ich arbeiten seit 1991 zusammen. In ihm habe ich nicht nur einen wertvollen Menschen, sondern auch einen genialen Musiker und Orchester-Arrangeur gefunden. F\u00fcr meine Melodien ist er sehr empf\u00e4nglich und vermag ihnen immer ein wundersch\u00f6nes musikalisches Gewand \u00fcberzustreifen. Unsere gemeinsame und zeitlose, gehobene Unterhaltungs- Musik zeichnet sich auch weltweit gesehen als einmalig und exquisit aus.&nbsp;Mit Claus-Dieter Zimmer schuf und vollendete ich meine weiteren CD\u2019s : &nbsp;CD 3 \/ \u201e<a href=\"https:\/\/www.rolfwkunz.com\/de\/discografie\/piano-for-lovers\/\" target=\"_blank\" rel=\"noreferrer noopener\">PIANO FOR LOVERS<\/a>\u201c (1996), CD 4 \/ \u201e<a href=\"https:\/\/www.rolfwkunz.com\/de\/discografie\/piano-diamonds\/\" target=\"_blank\" rel=\"noreferrer noopener\">PIANO DIAMONDS<\/a>\u201c (2006), CD 7 \/ \u201e<a href=\"https:\/\/www.rolfwkunz.com\/de\/discografie\/piano-soul-emotions\/\" target=\"_blank\" rel=\"noreferrer noopener\">PIANO SOUL EMOTIONS<\/a>\u201c (2012) und &nbsp;\u201e<a href=\"https:\/\/www.rolfwkunz.com\/de\/discografie\/piano-jewels\/\" target=\"_blank\" rel=\"noreferrer noopener\">PIANO JEWELS<\/a>\u201c (2021), stets f\u00fcr Klavier und grosses Orchester.<\/p>\n\n\n\n<p>Diese Kompositionen f\u00fcr Klavier und Orchester verzaubern die Sinnenwelt des absoluten Musik- Geniessers, bei leichter Klassik und sakraler Tiefsinnigkeit. Ein Traum.<\/p>\n\n\n\n<p>Weitere Produktionen werden in Zukunft folgen.<\/p>\n\n\n\n<p><strong>Claus-Dieter Zimmer ist ebenfalls &nbsp;der Leiter, sowohl &nbsp;Komponist, Arrangeur und Dirigent f\u00fcr diesen Australischen Chor.<\/strong><\/p>\n\n\n\n<figure class=\"wp-block-embed is-type-video is-provider-youtube wp-block-embed-youtube wp-embed-aspect-16-9 wp-has-aspect-ratio\"><div class=\"wp-block-embed__wrapper\">\n <div class=\"brlbs-cmpnt-container brlbs-cmpnt-content-blocker brlbs-cmpnt-with-individual-styles\" data-borlabs-cookie-content-blocker-id=\"youtube-content-blocker\" data-borlabs-cookie-content=\"PGRpdiBjbGFzcz0idmlkZW8tY29udGFpbmVyIj48aWZyYW1lIHRpdGxlPSJCb21iYWxhIFJvdGFyeSBhbmQgQ29tbXVuaXR5IENob2lyIC0gU3BpY2tzICZhbXA7IFNwZWNrcyIgd2lkdGg9IjUwMCIgaGVpZ2h0PSIyODEiIHNyYz0iaHR0cHM6Ly93d3cueW91dHViZS1ub2Nvb2tpZS5jb20vZW1iZWQvSWhNcDlQME90OE0\/ZmVhdHVyZT1vZW1iZWQiIGZyYW1lYm9yZGVyPSIwIiBhbGxvdz0iYWNjZWxlcm9tZXRlcjsgYXV0b3BsYXk7IGNsaXBib2FyZC13cml0ZTsgZW5jcnlwdGVkLW1lZGlhOyBneXJvc2NvcGU7IHBpY3R1cmUtaW4tcGljdHVyZTsgd2ViLXNoYXJlIiByZWZlcnJlcnBvbGljeT0ic3RyaWN0LW9yaWdpbi13aGVuLWNyb3NzLW9yaWdpbiIgYWxsb3dmdWxsc2NyZWVuPjwvaWZyYW1lPjwvZGl2Pg==\"><div class=\"brlbs-cmpnt-cb-preset-c brlbs-cmpnt-cb-youtube\"> <div class=\"brlbs-cmpnt-cb-thumbnail\" style=\"background-image: url('https:\/\/www.rolfwkunz.com\/wp-content\/uploads\/borlabs-cookie\/1\/yt_IhMp9P0Ot8M_hqdefault.jpg')\"><\/div> <div class=\"brlbs-cmpnt-cb-main\"> <div class=\"brlbs-cmpnt-cb-play-button\"><\/div> <div class=\"brlbs-cmpnt-cb-content\"> <p class=\"brlbs-cmpnt-cb-description\">Sie sehen gerade einen Platzhalterinhalt von <strong>YouTube<\/strong>. Um auf den eigentlichen Inhalt zuzugreifen, klicken Sie auf die Schaltfl\u00e4che unten. Bitte beachten Sie, dass dabei Daten an Drittanbieter weitergegeben werden.<\/p> <a class=\"brlbs-cmpnt-cb-provider-toggle\" href=\"#\" data-borlabs-cookie-show-provider-information role=\"button\">Mehr Informationen<\/a> <\/div> <div class=\"brlbs-cmpnt-cb-buttons\"> <a class=\"brlbs-cmpnt-cb-btn\" href=\"#\" data-borlabs-cookie-unblock role=\"button\">Inhalt entsperren<\/a> <a class=\"brlbs-cmpnt-cb-btn\" href=\"#\" data-borlabs-cookie-accept-service role=\"button\" style=\"display: inherit\">Erforderlichen Service akzeptieren und Inhalte entsperren<\/a> <\/div> <\/div> <\/div><\/div>\n<\/div><\/figure>\n\n\n\n<figure class=\"wp-block-embed is-type-video is-provider-youtube wp-block-embed-youtube wp-embed-aspect-4-3 wp-has-aspect-ratio\"><div class=\"wp-block-embed__wrapper\">\n <div class=\"brlbs-cmpnt-container brlbs-cmpnt-content-blocker brlbs-cmpnt-with-individual-styles\" data-borlabs-cookie-content-blocker-id=\"youtube-content-blocker\" data-borlabs-cookie-content=\"PGRpdiBjbGFzcz0idmlkZW8tY29udGFpbmVyIj48aWZyYW1lIHRpdGxlPSJCb21iYWxhIFJvdGFyeSBhbmQgQ29tbXVuaXR5IENob2lyIC0gWUVTVEVSREFZIiB3aWR0aD0iNTAwIiBoZWlnaHQ9IjM3NSIgc3JjPSJodHRwczovL3d3dy55b3V0dWJlLW5vY29va2llLmNvbS9lbWJlZC9uMjUzd0NBcDZVND9mZWF0dXJlPW9lbWJlZCIgZnJhbWVib3JkZXI9IjAiIGFsbG93PSJhY2NlbGVyb21ldGVyOyBhdXRvcGxheTsgY2xpcGJvYXJkLXdyaXRlOyBlbmNyeXB0ZWQtbWVkaWE7IGd5cm9zY29wZTsgcGljdHVyZS1pbi1waWN0dXJlOyB3ZWItc2hhcmUiIHJlZmVycmVycG9saWN5PSJzdHJpY3Qtb3JpZ2luLXdoZW4tY3Jvc3Mtb3JpZ2luIiBhbGxvd2Z1bGxzY3JlZW4+PC9pZnJhbWU+PC9kaXY+\"><div class=\"brlbs-cmpnt-cb-preset-c brlbs-cmpnt-cb-youtube\"> <div class=\"brlbs-cmpnt-cb-thumbnail\" style=\"background-image: url('https:\/\/www.rolfwkunz.com\/wp-content\/uploads\/borlabs-cookie\/1\/yt_n253wCAp6U4_hqdefault.jpg')\"><\/div> <div class=\"brlbs-cmpnt-cb-main\"> <div class=\"brlbs-cmpnt-cb-play-button\"><\/div> <div class=\"brlbs-cmpnt-cb-content\"> <p class=\"brlbs-cmpnt-cb-description\">Sie sehen gerade einen Platzhalterinhalt von <strong>YouTube<\/strong>. Um auf den eigentlichen Inhalt zuzugreifen, klicken Sie auf die Schaltfl\u00e4che unten. Bitte beachten Sie, dass dabei Daten an Drittanbieter weitergegeben werden.<\/p> <a class=\"brlbs-cmpnt-cb-provider-toggle\" href=\"#\" data-borlabs-cookie-show-provider-information role=\"button\">Mehr Informationen<\/a> <\/div> <div class=\"brlbs-cmpnt-cb-buttons\"> <a class=\"brlbs-cmpnt-cb-btn\" href=\"#\" data-borlabs-cookie-unblock role=\"button\">Inhalt entsperren<\/a> <a class=\"brlbs-cmpnt-cb-btn\" href=\"#\" data-borlabs-cookie-accept-service role=\"button\" style=\"display: inherit\">Erforderlichen Service akzeptieren und Inhalte entsperren<\/a> <\/div> <\/div> <\/div><\/div>\n<\/div><\/figure>\n","protected":false},"excerpt":{"rendered":"<p>Claus-Dieter Zimmer ist f\u00fcr mich und meine Musik der klare Nachfolger meines Onkels, Erwin Ernst Kunz. Claus-Dieter und ich arbeiten seit 1991 zusammen. In ihm habe ich nicht nur einen wertvollen Menschen, sondern auch einen genialen Musiker und Orchester-Arrangeur gefunden. F\u00fcr meine Melodien ist er sehr empf\u00e4nglich und vermag ihnen immer ein wundersch\u00f6nes musikalisches Gewand [&hellip;]<\/p>\n","protected":false},"author":1,"featured_media":86,"parent":624,"menu_order":2,"comment_status":"closed","ping_status":"closed","template":"page-people.php","meta":{"footnotes":""},"class_list":["post-630","page","type-page","status-publish","has-post-thumbnail","hentry"],"yoast_head":"<!-- This site is optimized with the Yoast SEO plugin v27.4 - https:\/\/yoast.com\/product\/yoast-seo-wordpress\/ -->\n<title>Claus-Dieter Zimmer - Rolf W. Kunz<\/title>\n<meta name=\"description\" content=\"Claus-Dieter Zimmer ist f\u00fcr mich und meine Musik der klare Nachfolger meines Onkels, Erwin Ernst Kunz. Claus-Dieter und ich arbeiten seit 1991 zusammen.\" \/>\n<meta name=\"robots\" content=\"index, follow, max-snippet:-1, max-image-preview:large, max-video-preview:-1\" \/>\n<link rel=\"canonical\" href=\"https:\/\/www.rolfwkunz.com\/de\/mein-team\/claus-dieter-zimmer\/\" \/>\n<meta property=\"og:locale\" content=\"de_DE\" \/>\n<meta property=\"og:type\" content=\"article\" \/>\n<meta property=\"og:title\" content=\"Claus-Dieter Zimmer - Rolf W. Kunz\" \/>\n<meta property=\"og:description\" content=\"Claus-Dieter Zimmer ist f\u00fcr mich und meine Musik der klare Nachfolger meines Onkels, Erwin Ernst Kunz. Claus-Dieter und ich arbeiten seit 1991 zusammen.\" \/>\n<meta property=\"og:url\" content=\"https:\/\/www.rolfwkunz.com\/de\/mein-team\/claus-dieter-zimmer\/\" \/>\n<meta property=\"og:site_name\" content=\"Rolf W. Kunz\" \/>\n<meta property=\"article:publisher\" content=\"https:\/\/www.facebook.com\/piano.orchestra\/\" \/>\n<meta property=\"article:modified_time\" content=\"2023-12-21T13:56:17+00:00\" \/>\n<meta property=\"og:image\" content=\"https:\/\/www.rolfwkunz.com\/wp-content\/uploads\/claus-dieter-zimmer.jpg\" \/>\n\t<meta property=\"og:image:width\" content=\"640\" \/>\n\t<meta property=\"og:image:height\" content=\"457\" \/>\n\t<meta property=\"og:image:type\" content=\"image\/jpeg\" \/>\n<meta name=\"twitter:card\" content=\"summary_large_image\" \/>\n<meta name=\"twitter:label1\" content=\"Gesch\u00e4tzte Lesezeit\" \/>\n\t<meta name=\"twitter:data1\" content=\"1\u00a0Minute\" \/>\n<script type=\"application\/ld+json\" class=\"yoast-schema-graph\">{\"@context\":\"https:\\\/\\\/schema.org\",\"@graph\":[{\"@type\":\"WebPage\",\"@id\":\"https:\\\/\\\/www.rolfwkunz.com\\\/de\\\/mein-team\\\/claus-dieter-zimmer\\\/\",\"url\":\"https:\\\/\\\/www.rolfwkunz.com\\\/de\\\/mein-team\\\/claus-dieter-zimmer\\\/\",\"name\":\"Claus-Dieter Zimmer - Rolf W. Kunz\",\"isPartOf\":{\"@id\":\"https:\\\/\\\/www.rolfwkunz.com\\\/de\\\/#website\"},\"primaryImageOfPage\":{\"@id\":\"https:\\\/\\\/www.rolfwkunz.com\\\/de\\\/mein-team\\\/claus-dieter-zimmer\\\/#primaryimage\"},\"image\":{\"@id\":\"https:\\\/\\\/www.rolfwkunz.com\\\/de\\\/mein-team\\\/claus-dieter-zimmer\\\/#primaryimage\"},\"thumbnailUrl\":\"https:\\\/\\\/www.rolfwkunz.com\\\/wp-content\\\/uploads\\\/claus-dieter-zimmer.jpg\",\"datePublished\":\"2016-09-05T07:10:45+00:00\",\"dateModified\":\"2023-12-21T13:56:17+00:00\",\"description\":\"Claus-Dieter Zimmer ist f\u00fcr mich und meine Musik der klare Nachfolger meines Onkels, Erwin Ernst Kunz. Claus-Dieter und ich arbeiten seit 1991 zusammen.\",\"breadcrumb\":{\"@id\":\"https:\\\/\\\/www.rolfwkunz.com\\\/de\\\/mein-team\\\/claus-dieter-zimmer\\\/#breadcrumb\"},\"inLanguage\":\"de\",\"potentialAction\":[{\"@type\":\"ReadAction\",\"target\":[\"https:\\\/\\\/www.rolfwkunz.com\\\/de\\\/mein-team\\\/claus-dieter-zimmer\\\/\"]}]},{\"@type\":\"ImageObject\",\"inLanguage\":\"de\",\"@id\":\"https:\\\/\\\/www.rolfwkunz.com\\\/de\\\/mein-team\\\/claus-dieter-zimmer\\\/#primaryimage\",\"url\":\"https:\\\/\\\/www.rolfwkunz.com\\\/wp-content\\\/uploads\\\/claus-dieter-zimmer.jpg\",\"contentUrl\":\"https:\\\/\\\/www.rolfwkunz.com\\\/wp-content\\\/uploads\\\/claus-dieter-zimmer.jpg\",\"width\":640,\"height\":457},{\"@type\":\"BreadcrumbList\",\"@id\":\"https:\\\/\\\/www.rolfwkunz.com\\\/de\\\/mein-team\\\/claus-dieter-zimmer\\\/#breadcrumb\",\"itemListElement\":[{\"@type\":\"ListItem\",\"position\":1,\"name\":\"Rolf W. Kunz\",\"item\":\"https:\\\/\\\/www.rolfwkunz.com\\\/de\\\/\"},{\"@type\":\"ListItem\",\"position\":2,\"name\":\"Mein Team\",\"item\":\"https:\\\/\\\/www.rolfwkunz.com\\\/de\\\/mein-team\\\/\"},{\"@type\":\"ListItem\",\"position\":3,\"name\":\"Claus-Dieter Zimmer\"}]},{\"@type\":\"WebSite\",\"@id\":\"https:\\\/\\\/www.rolfwkunz.com\\\/de\\\/#website\",\"url\":\"https:\\\/\\\/www.rolfwkunz.com\\\/de\\\/\",\"name\":\"Rolf W. Kunz\",\"description\":\"Piano &amp; Orchestra\",\"potentialAction\":[{\"@type\":\"SearchAction\",\"target\":{\"@type\":\"EntryPoint\",\"urlTemplate\":\"https:\\\/\\\/www.rolfwkunz.com\\\/de\\\/?s={search_term_string}\"},\"query-input\":{\"@type\":\"PropertyValueSpecification\",\"valueRequired\":true,\"valueName\":\"search_term_string\"}}],\"inLanguage\":\"de\"}]}<\/script>\n<!-- \/ Yoast SEO plugin. -->","yoast_head_json":{"title":"Claus-Dieter Zimmer - Rolf W. Kunz","description":"Claus-Dieter Zimmer ist f\u00fcr mich und meine Musik der klare Nachfolger meines Onkels, Erwin Ernst Kunz. Claus-Dieter und ich arbeiten seit 1991 zusammen.","robots":{"index":"index","follow":"follow","max-snippet":"max-snippet:-1","max-image-preview":"max-image-preview:large","max-video-preview":"max-video-preview:-1"},"canonical":"https:\/\/www.rolfwkunz.com\/de\/mein-team\/claus-dieter-zimmer\/","og_locale":"de_DE","og_type":"article","og_title":"Claus-Dieter Zimmer - Rolf W. Kunz","og_description":"Claus-Dieter Zimmer ist f\u00fcr mich und meine Musik der klare Nachfolger meines Onkels, Erwin Ernst Kunz. Claus-Dieter und ich arbeiten seit 1991 zusammen.","og_url":"https:\/\/www.rolfwkunz.com\/de\/mein-team\/claus-dieter-zimmer\/","og_site_name":"Rolf W. Kunz","article_publisher":"https:\/\/www.facebook.com\/piano.orchestra\/","article_modified_time":"2023-12-21T13:56:17+00:00","og_image":[{"width":640,"height":457,"url":"https:\/\/www.rolfwkunz.com\/wp-content\/uploads\/claus-dieter-zimmer.jpg","type":"image\/jpeg"}],"twitter_card":"summary_large_image","twitter_misc":{"Gesch\u00e4tzte Lesezeit":"1\u00a0Minute"},"schema":{"@context":"https:\/\/schema.org","@graph":[{"@type":"WebPage","@id":"https:\/\/www.rolfwkunz.com\/de\/mein-team\/claus-dieter-zimmer\/","url":"https:\/\/www.rolfwkunz.com\/de\/mein-team\/claus-dieter-zimmer\/","name":"Claus-Dieter Zimmer - Rolf W. Kunz","isPartOf":{"@id":"https:\/\/www.rolfwkunz.com\/de\/#website"},"primaryImageOfPage":{"@id":"https:\/\/www.rolfwkunz.com\/de\/mein-team\/claus-dieter-zimmer\/#primaryimage"},"image":{"@id":"https:\/\/www.rolfwkunz.com\/de\/mein-team\/claus-dieter-zimmer\/#primaryimage"},"thumbnailUrl":"https:\/\/www.rolfwkunz.com\/wp-content\/uploads\/claus-dieter-zimmer.jpg","datePublished":"2016-09-05T07:10:45+00:00","dateModified":"2023-12-21T13:56:17+00:00","description":"Claus-Dieter Zimmer ist f\u00fcr mich und meine Musik der klare Nachfolger meines Onkels, Erwin Ernst Kunz. Claus-Dieter und ich arbeiten seit 1991 zusammen.","breadcrumb":{"@id":"https:\/\/www.rolfwkunz.com\/de\/mein-team\/claus-dieter-zimmer\/#breadcrumb"},"inLanguage":"de","potentialAction":[{"@type":"ReadAction","target":["https:\/\/www.rolfwkunz.com\/de\/mein-team\/claus-dieter-zimmer\/"]}]},{"@type":"ImageObject","inLanguage":"de","@id":"https:\/\/www.rolfwkunz.com\/de\/mein-team\/claus-dieter-zimmer\/#primaryimage","url":"https:\/\/www.rolfwkunz.com\/wp-content\/uploads\/claus-dieter-zimmer.jpg","contentUrl":"https:\/\/www.rolfwkunz.com\/wp-content\/uploads\/claus-dieter-zimmer.jpg","width":640,"height":457},{"@type":"BreadcrumbList","@id":"https:\/\/www.rolfwkunz.com\/de\/mein-team\/claus-dieter-zimmer\/#breadcrumb","itemListElement":[{"@type":"ListItem","position":1,"name":"Rolf W. Kunz","item":"https:\/\/www.rolfwkunz.com\/de\/"},{"@type":"ListItem","position":2,"name":"Mein Team","item":"https:\/\/www.rolfwkunz.com\/de\/mein-team\/"},{"@type":"ListItem","position":3,"name":"Claus-Dieter Zimmer"}]},{"@type":"WebSite","@id":"https:\/\/www.rolfwkunz.com\/de\/#website","url":"https:\/\/www.rolfwkunz.com\/de\/","name":"Rolf W. Kunz","description":"Piano &amp; Orchestra","potentialAction":[{"@type":"SearchAction","target":{"@type":"EntryPoint","urlTemplate":"https:\/\/www.rolfwkunz.com\/de\/?s={search_term_string}"},"query-input":{"@type":"PropertyValueSpecification","valueRequired":true,"valueName":"search_term_string"}}],"inLanguage":"de"}]}},"_links":{"self":[{"href":"https:\/\/www.rolfwkunz.com\/de\/wp-json\/wp\/v2\/pages\/630","targetHints":{"allow":["GET"]}}],"collection":[{"href":"https:\/\/www.rolfwkunz.com\/de\/wp-json\/wp\/v2\/pages"}],"about":[{"href":"https:\/\/www.rolfwkunz.com\/de\/wp-json\/wp\/v2\/types\/page"}],"author":[{"embeddable":true,"href":"https:\/\/www.rolfwkunz.com\/de\/wp-json\/wp\/v2\/users\/1"}],"replies":[{"embeddable":true,"href":"https:\/\/www.rolfwkunz.com\/de\/wp-json\/wp\/v2\/comments?post=630"}],"version-history":[{"count":13,"href":"https:\/\/www.rolfwkunz.com\/de\/wp-json\/wp\/v2\/pages\/630\/revisions"}],"predecessor-version":[{"id":3006,"href":"https:\/\/www.rolfwkunz.com\/de\/wp-json\/wp\/v2\/pages\/630\/revisions\/3006"}],"up":[{"embeddable":true,"href":"https:\/\/www.rolfwkunz.com\/de\/wp-json\/wp\/v2\/pages\/624"}],"wp:featuredmedia":[{"embeddable":true,"href":"https:\/\/www.rolfwkunz.com\/de\/wp-json\/wp\/v2\/media\/86"}],"wp:attachment":[{"href":"https:\/\/www.rolfwkunz.com\/de\/wp-json\/wp\/v2\/media?parent=630"}],"curies":[{"name":"wp","href":"https:\/\/api.w.org\/{rel}","templated":true}]}}