{"id":776,"date":"2016-09-05T15:30:19","date_gmt":"2016-09-05T13:30:19","guid":{"rendered":"http:\/\/www.rolfwkunz.com\/de\/?page_id=776"},"modified":"2023-12-21T14:54:37","modified_gmt":"2023-12-21T13:54:37","slug":"les-sauterelles","status":"publish","type":"page","link":"https:\/\/www.rolfwkunz.com\/de\/mein-team\/erwin-ernst-kunz\/les-sauterelles\/","title":{"rendered":"Les Sauterelles &#038; Erwin Ernst Kunz"},"content":{"rendered":"\n<p>E. Ernst Kunz, ausgestattet mit dem absoluten Musikgeh\u00f6r und langj\u00e4hriger sinfonischer Berufsmusiker im Tonhalleorchester Z\u00fcrich, besch\u00e4ftigt in vielen weiteren musikalischen T\u00e4tigkeiten, orchestrierte in den 1960- er Jahren auch f\u00fcr die sehr bekannte Schweizer Band \u201eLes Sauterelles\u201c, mit Toni Vescoli, mit sehr effektiven Streicher-Arrangements deren Album \u201eView to Heaven\u201e darunter ebenfalls ihren ber\u00fchmten Titel: \u201eHEAVENLY CLUB\u201c, mit welchem die Band auch international grosse Beachtung gewann. Dieser Song hielt sich im Jahr 1968 13 Wochen lang in den schweizerischen Charts, davon 6 Wochen auf Position 1.<\/p>\n\n\n\n<p>\u201eHEAVENLY CLUB\u201c war damals der erste Schweizer Song, der es in der offiziellen Hitparade auf Platz 1 geschafft hat.<\/p>\n\n\n\n<figure class=\"wp-block-gallery has-nested-images columns-default is-cropped wp-block-gallery-1 is-layout-flex wp-block-gallery-is-layout-flex\">\n<figure class=\"wp-block-image size-large\"><a href=\"https:\/\/www.rolfwkunz.com\/wp-content\/uploads\/strings-aufnahme-heavenly-club-1.jpg\" data-rel=\"lightbox-gallery-Jm64BPmO\" data-rl_title=\"\" data-rl_caption=\"\" title=\"\"><img loading=\"lazy\" decoding=\"async\" width=\"1024\" height=\"736\" data-id=\"777\" src=\"https:\/\/www.rolfwkunz.com\/wp-content\/uploads\/strings-aufnahme-heavenly-club-1-1024x736.jpg\" alt=\"Streicheraufnahmen f\u00fcr &quot;Heavenly Club&quot;\" class=\"wp-image-777\" srcset=\"https:\/\/www.rolfwkunz.com\/wp-content\/uploads\/strings-aufnahme-heavenly-club-1-1024x736.jpg 1024w, https:\/\/www.rolfwkunz.com\/wp-content\/uploads\/strings-aufnahme-heavenly-club-1-350x252.jpg 350w, https:\/\/www.rolfwkunz.com\/wp-content\/uploads\/strings-aufnahme-heavenly-club-1-768x552.jpg 768w\" sizes=\"auto, (max-width: 1024px) 100vw, 1024px\" \/><\/a><figcaption class=\"wp-element-caption\">1968 Erwin Ernst Kunz als Streicher- Arrangeur und Dirigent, mit Toni Vescoli und 16 Deutschen Berufsstreichern, bei Tonaufnahmen in D- Ludwigsburg, f\u00fcr die Schweizer Band \u201eLes Sauterelles\u201c, mit ihrem Album \u201eView to Heaven\u201c und ihrem Europa- Spitzen- Hit: \u201eHEAVENLY CLUB\u201c<\/figcaption><\/figure>\n<\/figure>\n\n\n\n<ul class=\"wp-block-list\">\n<li><a rel=\"noreferrer noopener\" href=\"http:\/\/www.sauterelles.ch\/\" target=\"_blank\">www.sauterelles.ch<\/a><\/li>\n\n\n\n<li><a rel=\"noreferrer noopener\" href=\"http:\/\/www.vescoli.ch\/\" target=\"_blank\">www.vescoli.ch<\/a> <\/li>\n<\/ul>\n\n\n\n<figure class=\"wp-block-embed is-type-video is-provider-youtube wp-block-embed-youtube wp-embed-aspect-4-3 wp-has-aspect-ratio\"><div class=\"wp-block-embed__wrapper\">\n <div class=\"brlbs-cmpnt-container brlbs-cmpnt-content-blocker brlbs-cmpnt-with-individual-styles\" data-borlabs-cookie-content-blocker-id=\"youtube-content-blocker\" data-borlabs-cookie-content=\"PGRpdiBjbGFzcz0idmlkZW8tY29udGFpbmVyIj48aWZyYW1lIHRpdGxlPSJMZXMgU2F1dGVyZWxsZXMvSGVhdmVubHkgQ2x1YiIgd2lkdGg9IjUwMCIgaGVpZ2h0PSIzNzUiIHNyYz0iaHR0cHM6Ly93d3cueW91dHViZS1ub2Nvb2tpZS5jb20vZW1iZWQvLUlCQUw0SXpFMTA\/ZmVhdHVyZT1vZW1iZWQiIGZyYW1lYm9yZGVyPSIwIiBhbGxvdz0iYWNjZWxlcm9tZXRlcjsgYXV0b3BsYXk7IGNsaXBib2FyZC13cml0ZTsgZW5jcnlwdGVkLW1lZGlhOyBneXJvc2NvcGU7IHBpY3R1cmUtaW4tcGljdHVyZTsgd2ViLXNoYXJlIiByZWZlcnJlcnBvbGljeT0ic3RyaWN0LW9yaWdpbi13aGVuLWNyb3NzLW9yaWdpbiIgYWxsb3dmdWxsc2NyZWVuPjwvaWZyYW1lPjwvZGl2Pg==\"><div class=\"brlbs-cmpnt-cb-preset-c brlbs-cmpnt-cb-youtube\"> <div class=\"brlbs-cmpnt-cb-thumbnail\" style=\"background-image: url('https:\/\/www.rolfwkunz.com\/wp-content\/uploads\/borlabs-cookie\/1\/yt_-IBAL4IzE10_hqdefault.jpg')\"><\/div> <div class=\"brlbs-cmpnt-cb-main\"> <div class=\"brlbs-cmpnt-cb-play-button\"><\/div> <div class=\"brlbs-cmpnt-cb-content\"> <p class=\"brlbs-cmpnt-cb-description\">Sie sehen gerade einen Platzhalterinhalt von <strong>YouTube<\/strong>. Um auf den eigentlichen Inhalt zuzugreifen, klicken Sie auf die Schaltfl\u00e4che unten. Bitte beachten Sie, dass dabei Daten an Drittanbieter weitergegeben werden.<\/p> <a class=\"brlbs-cmpnt-cb-provider-toggle\" href=\"#\" data-borlabs-cookie-show-provider-information role=\"button\">Mehr Informationen<\/a> <\/div> <div class=\"brlbs-cmpnt-cb-buttons\"> <a class=\"brlbs-cmpnt-cb-btn\" href=\"#\" data-borlabs-cookie-unblock role=\"button\">Inhalt entsperren<\/a> <a class=\"brlbs-cmpnt-cb-btn\" href=\"#\" data-borlabs-cookie-accept-service role=\"button\" style=\"display: inherit\">Erforderlichen Service akzeptieren und Inhalte entsperren<\/a> <\/div> <\/div> <\/div><\/div>\n<\/div><\/figure>\n\n\n\n<figure class=\"wp-block-embed is-type-video is-provider-youtube wp-block-embed-youtube wp-embed-aspect-16-9 wp-has-aspect-ratio\"><div class=\"wp-block-embed__wrapper\">\n <div class=\"brlbs-cmpnt-container brlbs-cmpnt-content-blocker brlbs-cmpnt-with-individual-styles\" data-borlabs-cookie-content-blocker-id=\"youtube-content-blocker\" data-borlabs-cookie-content=\"PGRpdiBjbGFzcz0idmlkZW8tY29udGFpbmVyIj48aWZyYW1lIHRpdGxlPSJMZXMgU2F1dGVyZWxsZXMgL1RvZGF5IC0gQWxidW0gUHJvbW8gMjAxMyIgd2lkdGg9IjUwMCIgaGVpZ2h0PSIyODEiIHNyYz0iaHR0cHM6Ly93d3cueW91dHViZS1ub2Nvb2tpZS5jb20vZW1iZWQvaTZKc091NzJ4cXc\/ZmVhdHVyZT1vZW1iZWQiIGZyYW1lYm9yZGVyPSIwIiBhbGxvdz0iYWNjZWxlcm9tZXRlcjsgYXV0b3BsYXk7IGNsaXBib2FyZC13cml0ZTsgZW5jcnlwdGVkLW1lZGlhOyBneXJvc2NvcGU7IHBpY3R1cmUtaW4tcGljdHVyZTsgd2ViLXNoYXJlIiByZWZlcnJlcnBvbGljeT0ic3RyaWN0LW9yaWdpbi13aGVuLWNyb3NzLW9yaWdpbiIgYWxsb3dmdWxsc2NyZWVuPjwvaWZyYW1lPjwvZGl2Pg==\"><div class=\"brlbs-cmpnt-cb-preset-c brlbs-cmpnt-cb-youtube\"> <div class=\"brlbs-cmpnt-cb-thumbnail\" style=\"background-image: url('https:\/\/www.rolfwkunz.com\/wp-content\/uploads\/borlabs-cookie\/1\/yt_i6JsOu72xqw_hqdefault.jpg')\"><\/div> <div class=\"brlbs-cmpnt-cb-main\"> <div class=\"brlbs-cmpnt-cb-play-button\"><\/div> <div class=\"brlbs-cmpnt-cb-content\"> <p class=\"brlbs-cmpnt-cb-description\">Sie sehen gerade einen Platzhalterinhalt von <strong>YouTube<\/strong>. Um auf den eigentlichen Inhalt zuzugreifen, klicken Sie auf die Schaltfl\u00e4che unten. Bitte beachten Sie, dass dabei Daten an Drittanbieter weitergegeben werden.<\/p> <a class=\"brlbs-cmpnt-cb-provider-toggle\" href=\"#\" data-borlabs-cookie-show-provider-information role=\"button\">Mehr Informationen<\/a> <\/div> <div class=\"brlbs-cmpnt-cb-buttons\"> <a class=\"brlbs-cmpnt-cb-btn\" href=\"#\" data-borlabs-cookie-unblock role=\"button\">Inhalt entsperren<\/a> <a class=\"brlbs-cmpnt-cb-btn\" href=\"#\" data-borlabs-cookie-accept-service role=\"button\" style=\"display: inherit\">Erforderlichen Service akzeptieren und Inhalte entsperren<\/a> <\/div> <\/div> <\/div><\/div>\n<\/div><\/figure>\n\n\n\n<figure class=\"wp-block-embed is-type-video is-provider-youtube wp-block-embed-youtube wp-embed-aspect-16-9 wp-has-aspect-ratio\"><div class=\"wp-block-embed__wrapper\">\n <div class=\"brlbs-cmpnt-container brlbs-cmpnt-content-blocker brlbs-cmpnt-with-individual-styles\" data-borlabs-cookie-content-blocker-id=\"youtube-content-blocker\" data-borlabs-cookie-content=\"PGRpdiBjbGFzcz0idmlkZW8tY29udGFpbmVyIj48aWZyYW1lIHRpdGxlPSJMZXMgU2F1dGVyZWxsZXMgLVRvZGF5ICZxdW90O2xpdmUmcXVvdDsgMjAxMyIgd2lkdGg9IjUwMCIgaGVpZ2h0PSIyODEiIHNyYz0iaHR0cHM6Ly93d3cueW91dHViZS1ub2Nvb2tpZS5jb20vZW1iZWQvWlZ1US1YWE5UNDA\/ZmVhdHVyZT1vZW1iZWQiIGZyYW1lYm9yZGVyPSIwIiBhbGxvdz0iYWNjZWxlcm9tZXRlcjsgYXV0b3BsYXk7IGNsaXBib2FyZC13cml0ZTsgZW5jcnlwdGVkLW1lZGlhOyBneXJvc2NvcGU7IHBpY3R1cmUtaW4tcGljdHVyZTsgd2ViLXNoYXJlIiByZWZlcnJlcnBvbGljeT0ic3RyaWN0LW9yaWdpbi13aGVuLWNyb3NzLW9yaWdpbiIgYWxsb3dmdWxsc2NyZWVuPjwvaWZyYW1lPjwvZGl2Pg==\"><div class=\"brlbs-cmpnt-cb-preset-c brlbs-cmpnt-cb-youtube\"> <div class=\"brlbs-cmpnt-cb-thumbnail\" style=\"background-image: url('https:\/\/www.rolfwkunz.com\/wp-content\/uploads\/borlabs-cookie\/1\/yt_ZVuQ-XXNT40_hqdefault.jpg')\"><\/div> <div class=\"brlbs-cmpnt-cb-main\"> <div class=\"brlbs-cmpnt-cb-play-button\"><\/div> <div class=\"brlbs-cmpnt-cb-content\"> <p class=\"brlbs-cmpnt-cb-description\">Sie sehen gerade einen Platzhalterinhalt von <strong>YouTube<\/strong>. Um auf den eigentlichen Inhalt zuzugreifen, klicken Sie auf die Schaltfl\u00e4che unten. Bitte beachten Sie, dass dabei Daten an Drittanbieter weitergegeben werden.<\/p> <a class=\"brlbs-cmpnt-cb-provider-toggle\" href=\"#\" data-borlabs-cookie-show-provider-information role=\"button\">Mehr Informationen<\/a> <\/div> <div class=\"brlbs-cmpnt-cb-buttons\"> <a class=\"brlbs-cmpnt-cb-btn\" href=\"#\" data-borlabs-cookie-unblock role=\"button\">Inhalt entsperren<\/a> <a class=\"brlbs-cmpnt-cb-btn\" href=\"#\" data-borlabs-cookie-accept-service role=\"button\" style=\"display: inherit\">Erforderlichen Service akzeptieren und Inhalte entsperren<\/a> <\/div> <\/div> <\/div><\/div>\n<\/div><\/figure>\n\n\n\n<figure class=\"wp-block-embed is-type-video is-provider-youtube wp-block-embed-youtube wp-embed-aspect-16-9 wp-has-aspect-ratio\"><div class=\"wp-block-embed__wrapper\">\n <div class=\"brlbs-cmpnt-container brlbs-cmpnt-content-blocker brlbs-cmpnt-with-individual-styles\" data-borlabs-cookie-content-blocker-id=\"youtube-content-blocker\" data-borlabs-cookie-content=\"PGRpdiBjbGFzcz0idmlkZW8tY29udGFpbmVyIj48aWZyYW1lIHRpdGxlPSJMZXMgU2F1dGVyZWxsZXMsLSBKdXN0IEFub3RoZXIgT25lICZxdW90O2xpdmUmcXVvdDsgMjAxMyIgd2lkdGg9IjUwMCIgaGVpZ2h0PSIyODEiIHNyYz0iaHR0cHM6Ly93d3cueW91dHViZS1ub2Nvb2tpZS5jb20vZW1iZWQvSUV0Wm5QYmU1b1k\/ZmVhdHVyZT1vZW1iZWQiIGZyYW1lYm9yZGVyPSIwIiBhbGxvdz0iYWNjZWxlcm9tZXRlcjsgYXV0b3BsYXk7IGNsaXBib2FyZC13cml0ZTsgZW5jcnlwdGVkLW1lZGlhOyBneXJvc2NvcGU7IHBpY3R1cmUtaW4tcGljdHVyZTsgd2ViLXNoYXJlIiByZWZlcnJlcnBvbGljeT0ic3RyaWN0LW9yaWdpbi13aGVuLWNyb3NzLW9yaWdpbiIgYWxsb3dmdWxsc2NyZWVuPjwvaWZyYW1lPjwvZGl2Pg==\"><div class=\"brlbs-cmpnt-cb-preset-c brlbs-cmpnt-cb-youtube\"> <div class=\"brlbs-cmpnt-cb-thumbnail\" style=\"background-image: url('https:\/\/www.rolfwkunz.com\/wp-content\/uploads\/borlabs-cookie\/1\/yt_IEtZnPbe5oY_hqdefault.jpg')\"><\/div> <div class=\"brlbs-cmpnt-cb-main\"> <div class=\"brlbs-cmpnt-cb-play-button\"><\/div> <div class=\"brlbs-cmpnt-cb-content\"> <p class=\"brlbs-cmpnt-cb-description\">Sie sehen gerade einen Platzhalterinhalt von <strong>YouTube<\/strong>. Um auf den eigentlichen Inhalt zuzugreifen, klicken Sie auf die Schaltfl\u00e4che unten. Bitte beachten Sie, dass dabei Daten an Drittanbieter weitergegeben werden.<\/p> <a class=\"brlbs-cmpnt-cb-provider-toggle\" href=\"#\" data-borlabs-cookie-show-provider-information role=\"button\">Mehr Informationen<\/a> <\/div> <div class=\"brlbs-cmpnt-cb-buttons\"> <a class=\"brlbs-cmpnt-cb-btn\" href=\"#\" data-borlabs-cookie-unblock role=\"button\">Inhalt entsperren<\/a> <a class=\"brlbs-cmpnt-cb-btn\" href=\"#\" data-borlabs-cookie-accept-service role=\"button\" style=\"display: inherit\">Erforderlichen Service akzeptieren und Inhalte entsperren<\/a> <\/div> <\/div> <\/div><\/div>\n<\/div><\/figure>\n","protected":false},"excerpt":{"rendered":"<p>E. Ernst Kunz, ausgestattet mit dem absoluten Musikgeh\u00f6r und langj\u00e4hriger sinfonischer Berufsmusiker im Tonhalleorchester Z\u00fcrich, besch\u00e4ftigt in vielen weiteren musikalischen T\u00e4tigkeiten, orchestrierte in den 1960- er Jahren auch f\u00fcr die sehr bekannte Schweizer Band \u201eLes Sauterelles\u201c, mit Toni Vescoli, mit sehr effektiven Streicher-Arrangements deren Album \u201eView to Heaven\u201e darunter ebenfalls ihren ber\u00fchmten Titel: \u201eHEAVENLY CLUB\u201c, [&hellip;]<\/p>\n","protected":false},"author":1,"featured_media":0,"parent":754,"menu_order":0,"comment_status":"closed","ping_status":"closed","template":"","meta":{"footnotes":""},"class_list":["post-776","page","type-page","status-publish","hentry"],"yoast_head":"<!-- This site is optimized with the Yoast SEO plugin v27.4 - https:\/\/yoast.com\/product\/yoast-seo-wordpress\/ -->\n<title>Les Sauterelles &amp; Erwin Ernst Kunz - Rolf W. Kunz<\/title>\n<meta name=\"description\" content=\"E. Ernst Kunz, ausgestattet mit dem absoluten Musikgeh\u00f6r und langj\u00e4hriger sinfonischer Berufsmusiker im Tonhalleorchester Z\u00fcrich, besch\u00e4ftigt in vielen\" \/>\n<meta name=\"robots\" content=\"index, follow, max-snippet:-1, max-image-preview:large, max-video-preview:-1\" \/>\n<link rel=\"canonical\" href=\"https:\/\/www.rolfwkunz.com\/de\/mein-team\/erwin-ernst-kunz\/les-sauterelles\/\" \/>\n<meta property=\"og:locale\" content=\"de_DE\" \/>\n<meta property=\"og:type\" content=\"article\" \/>\n<meta property=\"og:title\" content=\"Les Sauterelles &amp; Erwin Ernst Kunz - Rolf W. Kunz\" \/>\n<meta property=\"og:description\" content=\"E. Ernst Kunz, ausgestattet mit dem absoluten Musikgeh\u00f6r und langj\u00e4hriger sinfonischer Berufsmusiker im Tonhalleorchester Z\u00fcrich, besch\u00e4ftigt in vielen\" \/>\n<meta property=\"og:url\" content=\"https:\/\/www.rolfwkunz.com\/de\/mein-team\/erwin-ernst-kunz\/les-sauterelles\/\" \/>\n<meta property=\"og:site_name\" content=\"Rolf W. Kunz\" \/>\n<meta property=\"article:publisher\" content=\"https:\/\/www.facebook.com\/piano.orchestra\/\" \/>\n<meta property=\"article:modified_time\" content=\"2023-12-21T13:54:37+00:00\" \/>\n<meta property=\"og:image\" content=\"https:\/\/www.rolfwkunz.com\/wp-content\/uploads\/strings-aufnahme-heavenly-club-1-1024x736.jpg\" \/>\n<meta name=\"twitter:card\" content=\"summary_large_image\" \/>\n<meta name=\"twitter:label1\" content=\"Gesch\u00e4tzte Lesezeit\" \/>\n\t<meta name=\"twitter:data1\" content=\"1\u00a0Minute\" \/>\n<script type=\"application\/ld+json\" class=\"yoast-schema-graph\">{\"@context\":\"https:\\\/\\\/schema.org\",\"@graph\":[{\"@type\":\"WebPage\",\"@id\":\"https:\\\/\\\/www.rolfwkunz.com\\\/de\\\/mein-team\\\/erwin-ernst-kunz\\\/les-sauterelles\\\/\",\"url\":\"https:\\\/\\\/www.rolfwkunz.com\\\/de\\\/mein-team\\\/erwin-ernst-kunz\\\/les-sauterelles\\\/\",\"name\":\"Les Sauterelles & Erwin Ernst Kunz - Rolf W. Kunz\",\"isPartOf\":{\"@id\":\"https:\\\/\\\/www.rolfwkunz.com\\\/de\\\/#website\"},\"primaryImageOfPage\":{\"@id\":\"https:\\\/\\\/www.rolfwkunz.com\\\/de\\\/mein-team\\\/erwin-ernst-kunz\\\/les-sauterelles\\\/#primaryimage\"},\"image\":{\"@id\":\"https:\\\/\\\/www.rolfwkunz.com\\\/de\\\/mein-team\\\/erwin-ernst-kunz\\\/les-sauterelles\\\/#primaryimage\"},\"thumbnailUrl\":\"https:\\\/\\\/www.rolfwkunz.com\\\/wp-content\\\/uploads\\\/strings-aufnahme-heavenly-club-1-1024x736.jpg\",\"datePublished\":\"2016-09-05T13:30:19+00:00\",\"dateModified\":\"2023-12-21T13:54:37+00:00\",\"description\":\"E. Ernst Kunz, ausgestattet mit dem absoluten Musikgeh\u00f6r und langj\u00e4hriger sinfonischer Berufsmusiker im Tonhalleorchester Z\u00fcrich, besch\u00e4ftigt in vielen\",\"breadcrumb\":{\"@id\":\"https:\\\/\\\/www.rolfwkunz.com\\\/de\\\/mein-team\\\/erwin-ernst-kunz\\\/les-sauterelles\\\/#breadcrumb\"},\"inLanguage\":\"de\",\"potentialAction\":[{\"@type\":\"ReadAction\",\"target\":[\"https:\\\/\\\/www.rolfwkunz.com\\\/de\\\/mein-team\\\/erwin-ernst-kunz\\\/les-sauterelles\\\/\"]}]},{\"@type\":\"ImageObject\",\"inLanguage\":\"de\",\"@id\":\"https:\\\/\\\/www.rolfwkunz.com\\\/de\\\/mein-team\\\/erwin-ernst-kunz\\\/les-sauterelles\\\/#primaryimage\",\"url\":\"https:\\\/\\\/www.rolfwkunz.com\\\/wp-content\\\/uploads\\\/strings-aufnahme-heavenly-club-1-1024x736.jpg\",\"contentUrl\":\"https:\\\/\\\/www.rolfwkunz.com\\\/wp-content\\\/uploads\\\/strings-aufnahme-heavenly-club-1-1024x736.jpg\"},{\"@type\":\"BreadcrumbList\",\"@id\":\"https:\\\/\\\/www.rolfwkunz.com\\\/de\\\/mein-team\\\/erwin-ernst-kunz\\\/les-sauterelles\\\/#breadcrumb\",\"itemListElement\":[{\"@type\":\"ListItem\",\"position\":1,\"name\":\"Rolf W. Kunz\",\"item\":\"https:\\\/\\\/www.rolfwkunz.com\\\/de\\\/\"},{\"@type\":\"ListItem\",\"position\":2,\"name\":\"Mein Team\",\"item\":\"https:\\\/\\\/www.rolfwkunz.com\\\/de\\\/mein-team\\\/\"},{\"@type\":\"ListItem\",\"position\":3,\"name\":\"Erwin Ernst Kunz\",\"item\":\"https:\\\/\\\/www.rolfwkunz.com\\\/de\\\/mein-team\\\/erwin-ernst-kunz\\\/\"},{\"@type\":\"ListItem\",\"position\":4,\"name\":\"Les Sauterelles &#038; Erwin Ernst Kunz\"}]},{\"@type\":\"WebSite\",\"@id\":\"https:\\\/\\\/www.rolfwkunz.com\\\/de\\\/#website\",\"url\":\"https:\\\/\\\/www.rolfwkunz.com\\\/de\\\/\",\"name\":\"Rolf W. Kunz\",\"description\":\"Piano &amp; Orchestra\",\"potentialAction\":[{\"@type\":\"SearchAction\",\"target\":{\"@type\":\"EntryPoint\",\"urlTemplate\":\"https:\\\/\\\/www.rolfwkunz.com\\\/de\\\/?s={search_term_string}\"},\"query-input\":{\"@type\":\"PropertyValueSpecification\",\"valueRequired\":true,\"valueName\":\"search_term_string\"}}],\"inLanguage\":\"de\"}]}<\/script>\n<!-- \/ Yoast SEO plugin. -->","yoast_head_json":{"title":"Les Sauterelles & Erwin Ernst Kunz - Rolf W. Kunz","description":"E. Ernst Kunz, ausgestattet mit dem absoluten Musikgeh\u00f6r und langj\u00e4hriger sinfonischer Berufsmusiker im Tonhalleorchester Z\u00fcrich, besch\u00e4ftigt in vielen","robots":{"index":"index","follow":"follow","max-snippet":"max-snippet:-1","max-image-preview":"max-image-preview:large","max-video-preview":"max-video-preview:-1"},"canonical":"https:\/\/www.rolfwkunz.com\/de\/mein-team\/erwin-ernst-kunz\/les-sauterelles\/","og_locale":"de_DE","og_type":"article","og_title":"Les Sauterelles & Erwin Ernst Kunz - Rolf W. Kunz","og_description":"E. Ernst Kunz, ausgestattet mit dem absoluten Musikgeh\u00f6r und langj\u00e4hriger sinfonischer Berufsmusiker im Tonhalleorchester Z\u00fcrich, besch\u00e4ftigt in vielen","og_url":"https:\/\/www.rolfwkunz.com\/de\/mein-team\/erwin-ernst-kunz\/les-sauterelles\/","og_site_name":"Rolf W. Kunz","article_publisher":"https:\/\/www.facebook.com\/piano.orchestra\/","article_modified_time":"2023-12-21T13:54:37+00:00","og_image":[{"url":"https:\/\/www.rolfwkunz.com\/wp-content\/uploads\/strings-aufnahme-heavenly-club-1-1024x736.jpg","type":"","width":"","height":""}],"twitter_card":"summary_large_image","twitter_misc":{"Gesch\u00e4tzte Lesezeit":"1\u00a0Minute"},"schema":{"@context":"https:\/\/schema.org","@graph":[{"@type":"WebPage","@id":"https:\/\/www.rolfwkunz.com\/de\/mein-team\/erwin-ernst-kunz\/les-sauterelles\/","url":"https:\/\/www.rolfwkunz.com\/de\/mein-team\/erwin-ernst-kunz\/les-sauterelles\/","name":"Les Sauterelles & Erwin Ernst Kunz - Rolf W. Kunz","isPartOf":{"@id":"https:\/\/www.rolfwkunz.com\/de\/#website"},"primaryImageOfPage":{"@id":"https:\/\/www.rolfwkunz.com\/de\/mein-team\/erwin-ernst-kunz\/les-sauterelles\/#primaryimage"},"image":{"@id":"https:\/\/www.rolfwkunz.com\/de\/mein-team\/erwin-ernst-kunz\/les-sauterelles\/#primaryimage"},"thumbnailUrl":"https:\/\/www.rolfwkunz.com\/wp-content\/uploads\/strings-aufnahme-heavenly-club-1-1024x736.jpg","datePublished":"2016-09-05T13:30:19+00:00","dateModified":"2023-12-21T13:54:37+00:00","description":"E. Ernst Kunz, ausgestattet mit dem absoluten Musikgeh\u00f6r und langj\u00e4hriger sinfonischer Berufsmusiker im Tonhalleorchester Z\u00fcrich, besch\u00e4ftigt in vielen","breadcrumb":{"@id":"https:\/\/www.rolfwkunz.com\/de\/mein-team\/erwin-ernst-kunz\/les-sauterelles\/#breadcrumb"},"inLanguage":"de","potentialAction":[{"@type":"ReadAction","target":["https:\/\/www.rolfwkunz.com\/de\/mein-team\/erwin-ernst-kunz\/les-sauterelles\/"]}]},{"@type":"ImageObject","inLanguage":"de","@id":"https:\/\/www.rolfwkunz.com\/de\/mein-team\/erwin-ernst-kunz\/les-sauterelles\/#primaryimage","url":"https:\/\/www.rolfwkunz.com\/wp-content\/uploads\/strings-aufnahme-heavenly-club-1-1024x736.jpg","contentUrl":"https:\/\/www.rolfwkunz.com\/wp-content\/uploads\/strings-aufnahme-heavenly-club-1-1024x736.jpg"},{"@type":"BreadcrumbList","@id":"https:\/\/www.rolfwkunz.com\/de\/mein-team\/erwin-ernst-kunz\/les-sauterelles\/#breadcrumb","itemListElement":[{"@type":"ListItem","position":1,"name":"Rolf W. Kunz","item":"https:\/\/www.rolfwkunz.com\/de\/"},{"@type":"ListItem","position":2,"name":"Mein Team","item":"https:\/\/www.rolfwkunz.com\/de\/mein-team\/"},{"@type":"ListItem","position":3,"name":"Erwin Ernst Kunz","item":"https:\/\/www.rolfwkunz.com\/de\/mein-team\/erwin-ernst-kunz\/"},{"@type":"ListItem","position":4,"name":"Les Sauterelles &#038; Erwin Ernst Kunz"}]},{"@type":"WebSite","@id":"https:\/\/www.rolfwkunz.com\/de\/#website","url":"https:\/\/www.rolfwkunz.com\/de\/","name":"Rolf W. Kunz","description":"Piano &amp; Orchestra","potentialAction":[{"@type":"SearchAction","target":{"@type":"EntryPoint","urlTemplate":"https:\/\/www.rolfwkunz.com\/de\/?s={search_term_string}"},"query-input":{"@type":"PropertyValueSpecification","valueRequired":true,"valueName":"search_term_string"}}],"inLanguage":"de"}]}},"_links":{"self":[{"href":"https:\/\/www.rolfwkunz.com\/de\/wp-json\/wp\/v2\/pages\/776","targetHints":{"allow":["GET"]}}],"collection":[{"href":"https:\/\/www.rolfwkunz.com\/de\/wp-json\/wp\/v2\/pages"}],"about":[{"href":"https:\/\/www.rolfwkunz.com\/de\/wp-json\/wp\/v2\/types\/page"}],"author":[{"embeddable":true,"href":"https:\/\/www.rolfwkunz.com\/de\/wp-json\/wp\/v2\/users\/1"}],"replies":[{"embeddable":true,"href":"https:\/\/www.rolfwkunz.com\/de\/wp-json\/wp\/v2\/comments?post=776"}],"version-history":[{"count":6,"href":"https:\/\/www.rolfwkunz.com\/de\/wp-json\/wp\/v2\/pages\/776\/revisions"}],"predecessor-version":[{"id":3004,"href":"https:\/\/www.rolfwkunz.com\/de\/wp-json\/wp\/v2\/pages\/776\/revisions\/3004"}],"up":[{"embeddable":true,"href":"https:\/\/www.rolfwkunz.com\/de\/wp-json\/wp\/v2\/pages\/754"}],"wp:attachment":[{"href":"https:\/\/www.rolfwkunz.com\/de\/wp-json\/wp\/v2\/media?parent=776"}],"curies":[{"name":"wp","href":"https:\/\/api.w.org\/{rel}","templated":true}]}}